{"id":12991,"date":"2021-01-08T12:13:12","date_gmt":"2021-01-08T11:13:12","guid":{"rendered":"https:\/\/music-gift.eu\/?post_type=product&#038;p=12991"},"modified":"2021-01-08T12:26:41","modified_gmt":"2021-01-08T11:26:41","slug":"mix-music-fashion-lacolenco-de-bolsolenco","status":"publish","type":"product","link":"https:\/\/music-gift.eu\/pt-pt\/product\/mix-music-fashion-lacolenco-de-bolsolenco\/","title":{"rendered":"MIX | Music fashion (La\u00e7o+Len\u00e7o de bolso+Len\u00e7o)"},"content":{"rendered":"","protected":false},"excerpt":{"rendered":"<p>5x (La\u00e7o+Len\u00e7o de bolso+Len\u00e7o)<\/p>\n<p>Este pre\u00e7o inclui um desconto adicional de 10% sob o pre\u00e7o normal<\/p>\n<p>&nbsp;<\/p>\n","protected":false},"featured_media":12963,"comment_status":"closed","ping_status":"closed","template":"","meta":[],"product_cat":[671,670,672],"product_tag":[628,631],"aioseo_notices":[],"_links":{"self":[{"href":"https:\/\/music-gift.eu\/pt-pt\/wp-json\/wp\/v2\/product\/12991"}],"collection":[{"href":"https:\/\/music-gift.eu\/pt-pt\/wp-json\/wp\/v2\/product"}],"about":[{"href":"https:\/\/music-gift.eu\/pt-pt\/wp-json\/wp\/v2\/types\/product"}],"replies":[{"embeddable":true,"href":"https:\/\/music-gift.eu\/pt-pt\/wp-json\/wp\/v2\/comments?post=12991"}],"wp:featuredmedia":[{"embeddable":true,"href":"https:\/\/music-gift.eu\/pt-pt\/wp-json\/wp\/v2\/media\/12963"}],"wp:attachment":[{"href":"https:\/\/music-gift.eu\/pt-pt\/wp-json\/wp\/v2\/media?parent=12991"}],"wp:term":[{"taxonomy":"product_cat","embeddable":true,"href":"https:\/\/music-gift.eu\/pt-pt\/wp-json\/wp\/v2\/product_cat?post=12991"},{"taxonomy":"product_tag","embeddable":true,"href":"https:\/\/music-gift.eu\/pt-pt\/wp-json\/wp\/v2\/product_tag?post=12991"}],"curies":[{"name":"wp","href":"https:\/\/api.w.org\/{rel}","templated":true}]}}