{"id":12651,"date":"2020-10-26T17:40:40","date_gmt":"2020-10-26T16:40:40","guid":{"rendered":"https:\/\/music-gift.eu\/?post_type=product&#038;p=12651"},"modified":"2021-01-05T13:56:23","modified_gmt":"2021-01-05T12:56:23","slug":"__trashed","status":"publish","type":"product","link":"https:\/\/music-gift.eu\/pt-pt\/product\/__trashed\/","title":{"rendered":"Ajustadores para m\u00e1scara"},"content":{"rendered":"<p>Dimens\u00f5es: \u21941cm \u2013 \u00d8 0.5cm<\/p>\n","protected":false},"excerpt":{"rendered":"<p>A forma perfeita para ajustar o tamanho dos el\u00e1sticos da sua m\u00e1scara.<\/p>\n<p>F\u00e1cil de intalar com a ajuda de um clip para puxar os el\u00e1sticos da m\u00e1scara. (clip n\u00e3o inclu\u00eddo)<\/p>\n<p>Cada m\u00e1scara precisa de dois ajustadores.<\/p>\n","protected":false},"featured_media":12654,"comment_status":"closed","ping_status":"closed","template":"","meta":[],"product_cat":[779],"product_tag":[780],"aioseo_notices":[],"_links":{"self":[{"href":"https:\/\/music-gift.eu\/pt-pt\/wp-json\/wp\/v2\/product\/12651"}],"collection":[{"href":"https:\/\/music-gift.eu\/pt-pt\/wp-json\/wp\/v2\/product"}],"about":[{"href":"https:\/\/music-gift.eu\/pt-pt\/wp-json\/wp\/v2\/types\/product"}],"replies":[{"embeddable":true,"href":"https:\/\/music-gift.eu\/pt-pt\/wp-json\/wp\/v2\/comments?post=12651"}],"wp:featuredmedia":[{"embeddable":true,"href":"https:\/\/music-gift.eu\/pt-pt\/wp-json\/wp\/v2\/media\/12654"}],"wp:attachment":[{"href":"https:\/\/music-gift.eu\/pt-pt\/wp-json\/wp\/v2\/media?parent=12651"}],"wp:term":[{"taxonomy":"product_cat","embeddable":true,"href":"https:\/\/music-gift.eu\/pt-pt\/wp-json\/wp\/v2\/product_cat?post=12651"},{"taxonomy":"product_tag","embeddable":true,"href":"https:\/\/music-gift.eu\/pt-pt\/wp-json\/wp\/v2\/product_tag?post=12651"}],"curies":[{"name":"wp","href":"https:\/\/api.w.org\/{rel}","templated":true}]}}