{"id":12353,"date":"2020-07-02T23:48:17","date_gmt":"2020-07-02T22:48:17","guid":{"rendered":"https:\/\/music-gift.eu\/?post_type=product&#038;p=12353"},"modified":"2023-09-18T22:27:25","modified_gmt":"2023-09-18T21:27:25","slug":"caderno-a5-st-cecilia-preto-copy","status":"publish","type":"product","link":"https:\/\/music-gift.eu\/pt-pt\/product\/caderno-a5-st-cecilia-preto-copy\/","title":{"rendered":"Caderno A5 St. Cecilia"},"content":{"rendered":"<p>A5- 14,8 x 21 cm | 80 folhas | 80 grs |\u00a0 interior: agenda perpetua<\/p>\n","protected":false},"excerpt":{"rendered":"<p>Neste caderno, impresso com um extracto do Hino de Santa Cecilia,\u00a0 tens todo o espa\u00e7o que precisas para dar asas \u00e0 imagina\u00e7\u00e3o, s\u00f3 tens de escolher por onde come\u00e7ar.<\/p>\n<p>Leva-o para onde quiseres e come\u00e7a j\u00e1 a desenhar e a compor todas as tuas ideias.<\/p>\n<p>A espiral torna muito mais f\u00e1cil escrever dos 2 lados das folhas e a agenda perp\u00e9tua permite personalizar em cada p\u00e1gina o ano, o m\u00eas e o dia e ajuda-te a datar todas as tuas ideias.<\/p>\n<p>&nbsp;<\/p>\n","protected":false},"featured_media":12372,"comment_status":"open","ping_status":"closed","template":"","meta":[],"product_cat":[280,751],"product_tag":[283,498,703],"aioseo_notices":[],"_links":{"self":[{"href":"https:\/\/music-gift.eu\/pt-pt\/wp-json\/wp\/v2\/product\/12353"}],"collection":[{"href":"https:\/\/music-gift.eu\/pt-pt\/wp-json\/wp\/v2\/product"}],"about":[{"href":"https:\/\/music-gift.eu\/pt-pt\/wp-json\/wp\/v2\/types\/product"}],"replies":[{"embeddable":true,"href":"https:\/\/music-gift.eu\/pt-pt\/wp-json\/wp\/v2\/comments?post=12353"}],"wp:featuredmedia":[{"embeddable":true,"href":"https:\/\/music-gift.eu\/pt-pt\/wp-json\/wp\/v2\/media\/12372"}],"wp:attachment":[{"href":"https:\/\/music-gift.eu\/pt-pt\/wp-json\/wp\/v2\/media?parent=12353"}],"wp:term":[{"taxonomy":"product_cat","embeddable":true,"href":"https:\/\/music-gift.eu\/pt-pt\/wp-json\/wp\/v2\/product_cat?post=12353"},{"taxonomy":"product_tag","embeddable":true,"href":"https:\/\/music-gift.eu\/pt-pt\/wp-json\/wp\/v2\/product_tag?post=12353"}],"curies":[{"name":"wp","href":"https:\/\/api.w.org\/{rel}","templated":true}]}}