{"id":12341,"date":"2020-06-04T12:16:16","date_gmt":"2020-06-04T11:16:16","guid":{"rendered":"https:\/\/music-gift.eu\/?post_type=product&#038;p=12341"},"modified":"2023-09-18T22:36:30","modified_gmt":"2023-09-18T21:36:30","slug":"caderno-a6-sta-cecilia-capa-preta","status":"publish","type":"product","link":"https:\/\/music-gift.eu\/pt-pt\/product\/caderno-a6-sta-cecilia-capa-preta\/","title":{"rendered":"Bloco de Nota A6 | Sta Cecilia (capa preta)"},"content":{"rendered":"<p>A6- 10,5 x 14,8 cm | 100 folhas de cor branca | interior: folhas em branco<\/p>\n<p>Capa em cartolina de cor preta e impresso a preto, com uma espiral em cor vermelha, em cima.<\/p>\n","protected":false},"excerpt":{"rendered":"<p>Neste bloco de notas, impresso com um extracto do Hino de Santa Cecilia,\u00a0 tens todo o espa\u00e7o que precisas para dar asas \u00e0 imagina\u00e7\u00e3o, s\u00f3 tens de escolher por onde come\u00e7ar.<\/p>\n<p>Leva-o para onde quiseres e come\u00e7a j\u00e1 a desenhar e a compor todas as tuas ideias, tens 100 folhas para te expressares.<\/p>\n<p>A espiral torna muito mais f\u00e1cil escrever dos 2 lados e a abertura \u00e9 total.<\/p>\n","protected":false},"featured_media":12394,"comment_status":"closed","ping_status":"closed","template":"","meta":[],"product_cat":[280,751],"product_tag":[284,498,703],"aioseo_notices":[],"_links":{"self":[{"href":"https:\/\/music-gift.eu\/pt-pt\/wp-json\/wp\/v2\/product\/12341"}],"collection":[{"href":"https:\/\/music-gift.eu\/pt-pt\/wp-json\/wp\/v2\/product"}],"about":[{"href":"https:\/\/music-gift.eu\/pt-pt\/wp-json\/wp\/v2\/types\/product"}],"replies":[{"embeddable":true,"href":"https:\/\/music-gift.eu\/pt-pt\/wp-json\/wp\/v2\/comments?post=12341"}],"wp:featuredmedia":[{"embeddable":true,"href":"https:\/\/music-gift.eu\/pt-pt\/wp-json\/wp\/v2\/media\/12394"}],"wp:attachment":[{"href":"https:\/\/music-gift.eu\/pt-pt\/wp-json\/wp\/v2\/media?parent=12341"}],"wp:term":[{"taxonomy":"product_cat","embeddable":true,"href":"https:\/\/music-gift.eu\/pt-pt\/wp-json\/wp\/v2\/product_cat?post=12341"},{"taxonomy":"product_tag","embeddable":true,"href":"https:\/\/music-gift.eu\/pt-pt\/wp-json\/wp\/v2\/product_tag?post=12341"}],"curies":[{"name":"wp","href":"https:\/\/api.w.org\/{rel}","templated":true}]}}