{"id":12299,"date":"2025-09-02T08:45:35","date_gmt":"2025-09-02T07:45:35","guid":{"rendered":"https:\/\/music-gift.eu\/?post_type=product&#038;p=12299"},"modified":"2026-01-12T15:48:04","modified_gmt":"2026-01-12T14:48:04","slug":"agenda-perpetua-2","status":"publish","type":"product","link":"https:\/\/music-gift.eu\/pt-pt\/product\/agenda-perpetua-2\/","title":{"rendered":"Agenda | caderno A5"},"content":{"rendered":"<p>Dimens\u00f5es &#8211; A5 &#8211; 210 mm x 130 mm x 10 mm<br \/>\n60 semanas, 12 meses, 75 folhas, p\u00e1ginas para anota\u00e7\u00f5es com linhas e 4 pautas.<\/p>\n<p>Calend\u00e1rio de 2022 a 2029 em folhas separadas<\/p>\n<p>Contracapa em cartolina vermelha. El\u00e1stico exterior e fita marcadora em vermelho<\/p>\n<p>5600300281793<\/p>\n<p>&nbsp;<\/p>\n","protected":false},"excerpt":{"rendered":"<p>Uma agenda sem data, com vista semanal, que lhe oferece liberdade absoluta para agendar os seus compromissos e as suas notas di\u00e1rias.<\/p>\n<p>Perfeita para come\u00e7ar a agendar os seus planos em qualquer \u00e9poca do ano.<\/p>\n<p>Esta agenda \u00e9 indispens\u00e1vel para pessoas ocupadas!\u00a0 Uma maneira elegante de organizar o seu trabalho e as suas f\u00e9rias. Est\u00e1 sempre \u00e0 m\u00e3o e n\u00e3o falha!<br \/>\nNa capa est\u00e1 uma impress\u00e3o com o hino de Santa Cec\u00edlia em preto sobre um fundo preto. A contracapa \u00e9 vermelha, bem como a fita de marca\u00e7\u00e3o e o el\u00e1stico.<\/p>\n<p>&nbsp;<\/p>\n<p>&nbsp;<\/p>\n","protected":false},"featured_media":13044,"comment_status":"closed","ping_status":"closed","template":"","meta":[],"product_cat":[747,280,812,814,751],"product_tag":[572,498,703],"aioseo_notices":[],"_links":{"self":[{"href":"https:\/\/music-gift.eu\/pt-pt\/wp-json\/wp\/v2\/product\/12299"}],"collection":[{"href":"https:\/\/music-gift.eu\/pt-pt\/wp-json\/wp\/v2\/product"}],"about":[{"href":"https:\/\/music-gift.eu\/pt-pt\/wp-json\/wp\/v2\/types\/product"}],"replies":[{"embeddable":true,"href":"https:\/\/music-gift.eu\/pt-pt\/wp-json\/wp\/v2\/comments?post=12299"}],"wp:featuredmedia":[{"embeddable":true,"href":"https:\/\/music-gift.eu\/pt-pt\/wp-json\/wp\/v2\/media\/13044"}],"wp:attachment":[{"href":"https:\/\/music-gift.eu\/pt-pt\/wp-json\/wp\/v2\/media?parent=12299"}],"wp:term":[{"taxonomy":"product_cat","embeddable":true,"href":"https:\/\/music-gift.eu\/pt-pt\/wp-json\/wp\/v2\/product_cat?post=12299"},{"taxonomy":"product_tag","embeddable":true,"href":"https:\/\/music-gift.eu\/pt-pt\/wp-json\/wp\/v2\/product_tag?post=12299"}],"curies":[{"name":"wp","href":"https:\/\/api.w.org\/{rel}","templated":true}]}}