{"id":12237,"date":"2025-09-02T08:20:27","date_gmt":"2025-09-02T07:20:27","guid":{"rendered":"https:\/\/music-gift.eu\/?post_type=product&#038;p=12237"},"modified":"2026-01-12T15:54:55","modified_gmt":"2026-01-12T14:54:55","slug":"planificador-semanal-a4","status":"publish","type":"product","link":"https:\/\/music-gift.eu\/pt-pt\/product\/planificador-semanal-a4\/","title":{"rendered":"Planificador semanal (A4)"},"content":{"rendered":"<p>Tamanho: A4 \u2013 21,0 x 29,7 cm (8.3 x 11.7 in)<\/p>\n<p>Cont\u00e9m.: 52 folhas coladas na parte inferior<\/p>\n<p>Papel: branco 80 gr<\/p>\n","protected":false},"excerpt":{"rendered":"<p>Planificador semanal musical para uma gest\u00e3o eficiente de suas tarefas.<\/p>\n<p>\u00c9 \u00f3ptimo em qualquer espa\u00e7o de trabalho.<\/p>\n<p>O planificador \u00e9 completamente flex\u00edvel, pois a coluna do ano\/m\u00eas\/semana data est\u00e1 vazia. Permite que planifique uma semana inteira. Mantenha-o simples, anote as suas reuni\u00f5es, concertos, ensaios, prioridades, tarefas etc!<br \/>\nTamb\u00e9m \u00e9 \u00f3ptimo para a planifica\u00e7\u00e3o das refei\u00e7\u00f5es.<\/p>\n<p>&nbsp;<\/p>\n","protected":false},"featured_media":12232,"comment_status":"closed","ping_status":"closed","template":"","meta":[],"product_cat":[747,280],"product_tag":[],"aioseo_notices":[],"_links":{"self":[{"href":"https:\/\/music-gift.eu\/pt-pt\/wp-json\/wp\/v2\/product\/12237"}],"collection":[{"href":"https:\/\/music-gift.eu\/pt-pt\/wp-json\/wp\/v2\/product"}],"about":[{"href":"https:\/\/music-gift.eu\/pt-pt\/wp-json\/wp\/v2\/types\/product"}],"replies":[{"embeddable":true,"href":"https:\/\/music-gift.eu\/pt-pt\/wp-json\/wp\/v2\/comments?post=12237"}],"wp:featuredmedia":[{"embeddable":true,"href":"https:\/\/music-gift.eu\/pt-pt\/wp-json\/wp\/v2\/media\/12232"}],"wp:attachment":[{"href":"https:\/\/music-gift.eu\/pt-pt\/wp-json\/wp\/v2\/media?parent=12237"}],"wp:term":[{"taxonomy":"product_cat","embeddable":true,"href":"https:\/\/music-gift.eu\/pt-pt\/wp-json\/wp\/v2\/product_cat?post=12237"},{"taxonomy":"product_tag","embeddable":true,"href":"https:\/\/music-gift.eu\/pt-pt\/wp-json\/wp\/v2\/product_tag?post=12237"}],"curies":[{"name":"wp","href":"https:\/\/api.w.org\/{rel}","templated":true}]}}