{"id":12153,"date":"2020-07-30T16:04:00","date_gmt":"2020-07-30T15:04:00","guid":{"rendered":"https:\/\/music-gift.eu\/?post_type=product&#038;p=12153"},"modified":"2021-06-15T23:33:09","modified_gmt":"2021-06-15T22:33:09","slug":"colar-ajustavel-copy","status":"publish","type":"product","link":"https:\/\/music-gift.eu\/pt-pt\/product\/colar-ajustavel-copy\/","title":{"rendered":"Alfinete"},"content":{"rendered":"<p>zamac\/zamak\u00a0\u00e9 uma liga met\u00e1lica que cont\u00e9m\u00a0zinco (Zn), Alum\u00ednio (Al), Magn\u00e9sio (Mg) e Cobre (Cu).<\/p>\n","protected":false},"excerpt":{"rendered":"<p>Este alfinete \u00e9 em metal (zamac\/zamak)zamac\/zamak\u00a0\u00e9 uma liga met\u00e1lica que cont\u00e9m\u00a0zinco (Zn), Alum\u00ednio (Al), Magn\u00e9sio (Mg) e Cobre (Cu). e forrado com o nosso tecido Nutcracker.<\/p>\n<p>Tem aproximadamente 2 cm de largura x 3 de altura<\/p>\n<p>Aten\u00e7\u00e3o: o produto pode n\u00e3o ser exactamente igual ao da foto. O tecido \u00e9 cortado de forma aleat\u00f3ria, pelo que os padr\u00f5es das pe\u00e7as ser\u00e3o todos diferentes<\/p>\n<p>&nbsp;<\/p>\n","protected":false},"featured_media":12155,"comment_status":"closed","ping_status":"closed","template":"","meta":[],"product_cat":[812,821],"product_tag":[],"aioseo_notices":[],"_links":{"self":[{"href":"https:\/\/music-gift.eu\/pt-pt\/wp-json\/wp\/v2\/product\/12153"}],"collection":[{"href":"https:\/\/music-gift.eu\/pt-pt\/wp-json\/wp\/v2\/product"}],"about":[{"href":"https:\/\/music-gift.eu\/pt-pt\/wp-json\/wp\/v2\/types\/product"}],"replies":[{"embeddable":true,"href":"https:\/\/music-gift.eu\/pt-pt\/wp-json\/wp\/v2\/comments?post=12153"}],"wp:featuredmedia":[{"embeddable":true,"href":"https:\/\/music-gift.eu\/pt-pt\/wp-json\/wp\/v2\/media\/12155"}],"wp:attachment":[{"href":"https:\/\/music-gift.eu\/pt-pt\/wp-json\/wp\/v2\/media?parent=12153"}],"wp:term":[{"taxonomy":"product_cat","embeddable":true,"href":"https:\/\/music-gift.eu\/pt-pt\/wp-json\/wp\/v2\/product_cat?post=12153"},{"taxonomy":"product_tag","embeddable":true,"href":"https:\/\/music-gift.eu\/pt-pt\/wp-json\/wp\/v2\/product_tag?post=12153"}],"curies":[{"name":"wp","href":"https:\/\/api.w.org\/{rel}","templated":true}]}}