{"id":11954,"date":"2020-07-05T17:50:09","date_gmt":"2020-07-05T16:50:09","guid":{"rendered":"https:\/\/music-gift.eu\/?post_type=product&#038;p=11954"},"modified":"2023-09-28T23:43:01","modified_gmt":"2023-09-28T22:43:01","slug":"conjunto-early-music-copy","status":"publish","type":"product","link":"https:\/\/music-gift.eu\/pt-pt\/product\/conjunto-early-music-copy\/","title":{"rendered":"Conjunto Clef"},"content":{"rendered":"<p>Cada pano\/toalha mede 50cm x 70cm e \u00e9 100% algod\u00e3o. Lav\u00e1vel na m\u00e1quina a 30\u00ba<\/p>\n<p>A lata est\u00e1 preparada para guardar produtos alimentares secos, como ch\u00e1, caf\u00e9, bolachas, etc<\/p>\n<p>&nbsp;<\/p>\n","protected":false},"excerpt":{"rendered":"<p>Se voc\u00ea est\u00e1 \u00e0 procura de um presente especial, esperamos poder ajudar.<\/p>\n<p>Preparamos uma gama inspiradora de presentes!<\/p>\n<p>Este conjunto \u00e9 composto por dois panos\/toalhas de ch\u00e1 CLEF e de uma lata, fornecido numa embalagem especial!<\/p>\n","protected":false},"featured_media":14234,"comment_status":"closed","ping_status":"closed","template":"","meta":[],"product_cat":[524,816,812],"product_tag":[764,765,748],"aioseo_notices":[],"_links":{"self":[{"href":"https:\/\/music-gift.eu\/pt-pt\/wp-json\/wp\/v2\/product\/11954"}],"collection":[{"href":"https:\/\/music-gift.eu\/pt-pt\/wp-json\/wp\/v2\/product"}],"about":[{"href":"https:\/\/music-gift.eu\/pt-pt\/wp-json\/wp\/v2\/types\/product"}],"replies":[{"embeddable":true,"href":"https:\/\/music-gift.eu\/pt-pt\/wp-json\/wp\/v2\/comments?post=11954"}],"wp:featuredmedia":[{"embeddable":true,"href":"https:\/\/music-gift.eu\/pt-pt\/wp-json\/wp\/v2\/media\/14234"}],"wp:attachment":[{"href":"https:\/\/music-gift.eu\/pt-pt\/wp-json\/wp\/v2\/media?parent=11954"}],"wp:term":[{"taxonomy":"product_cat","embeddable":true,"href":"https:\/\/music-gift.eu\/pt-pt\/wp-json\/wp\/v2\/product_cat?post=11954"},{"taxonomy":"product_tag","embeddable":true,"href":"https:\/\/music-gift.eu\/pt-pt\/wp-json\/wp\/v2\/product_tag?post=11954"}],"curies":[{"name":"wp","href":"https:\/\/api.w.org\/{rel}","templated":true}]}}