{"id":11857,"date":"2020-06-27T22:04:28","date_gmt":"2020-06-27T21:04:28","guid":{"rendered":"https:\/\/music-gift.eu\/?post_type=product&#038;p=11857"},"modified":"2021-01-05T12:56:50","modified_gmt":"2021-01-05T11:56:50","slug":"almofada-de-enchimento-40x40","status":"publish","type":"product","link":"https:\/\/music-gift.eu\/pt-pt\/product\/almofada-de-enchimento-40x40\/","title":{"rendered":"Almofada de enchimento 40&#215;40"},"content":{"rendered":"<p>Dimens\u00f5es: 40 x 40 cm<\/p>\n<p>Lavar \u00e0 m\u00e3o.<\/p>\n","protected":false},"excerpt":{"rendered":"<p>Enchimento: 100% poli\u00e9ster |Cobertura: 100% tnt-polipropileno.<\/p>\n<p>O enchimento em fibra \u00e9 um produto n\u00e3o al\u00e9rgico, confort\u00e1vel, resistente e de elevada dura\u00e7\u00e3o<\/p>\n","protected":false},"featured_media":11854,"comment_status":"closed","ping_status":"closed","template":"","meta":[],"product_cat":[597],"product_tag":[798],"aioseo_notices":[],"_links":{"self":[{"href":"https:\/\/music-gift.eu\/pt-pt\/wp-json\/wp\/v2\/product\/11857"}],"collection":[{"href":"https:\/\/music-gift.eu\/pt-pt\/wp-json\/wp\/v2\/product"}],"about":[{"href":"https:\/\/music-gift.eu\/pt-pt\/wp-json\/wp\/v2\/types\/product"}],"replies":[{"embeddable":true,"href":"https:\/\/music-gift.eu\/pt-pt\/wp-json\/wp\/v2\/comments?post=11857"}],"wp:featuredmedia":[{"embeddable":true,"href":"https:\/\/music-gift.eu\/pt-pt\/wp-json\/wp\/v2\/media\/11854"}],"wp:attachment":[{"href":"https:\/\/music-gift.eu\/pt-pt\/wp-json\/wp\/v2\/media?parent=11857"}],"wp:term":[{"taxonomy":"product_cat","embeddable":true,"href":"https:\/\/music-gift.eu\/pt-pt\/wp-json\/wp\/v2\/product_cat?post=11857"},{"taxonomy":"product_tag","embeddable":true,"href":"https:\/\/music-gift.eu\/pt-pt\/wp-json\/wp\/v2\/product_tag?post=11857"}],"curies":[{"name":"wp","href":"https:\/\/api.w.org\/{rel}","templated":true}]}}