{"id":11764,"date":"2020-06-28T22:51:21","date_gmt":"2020-06-28T21:51:21","guid":{"rendered":"https:\/\/music-gift.eu\/?post_type=product&#038;p=11764"},"modified":"2025-09-04T16:31:49","modified_gmt":"2025-09-04T15:31:49","slug":"sabonete-em-saco-nutcracker","status":"publish","type":"product","link":"https:\/\/music-gift.eu\/pt-pt\/product\/sabonete-em-saco-nutcracker\/","title":{"rendered":"Sabonete em saco | Nutcracker"},"content":{"rendered":"<p><strong>sabonete<\/strong>: 75g<br \/>\nfragancia: leite de burra<br \/>\ndimens\u00f5es sabonete: 5,5 cm x 7,5 cm x 2 cm<\/p>\n<p>Ingredientes:Sodium Palmate, Sodium Palm Kernelate,\u00a0Aqua (Water), Parfum (Fragrance), Glycerin, Sodium Chloride, CI 77891\/Titanium Dioxide, Talc, BHT, Donkey Milk,\u00a0Tetrasodium Etidronate, Hexyl Cinnanal,\u00a0Linalool, Limonene, Coumarin,\u00a0Citronellol,Geraniol,<\/p>\n<p><strong>saco<\/strong>: 8,5 cm x 14cm,<\/p>\n<p>100% algod\u00e3o.<\/p>\n<p>Lav\u00e1vel na m\u00e1quina a 30\u00ba. N\u00e3o lavar a seco. Ferro a temperatura m\u00e9dia<\/p>\n<p>Todas as fibras naturais encolher\u00e3o um pouco quando lavadas. No entanto, lavar os nossos tecidos de algod\u00e3o a temperaturas excessivamente quentes causar\u00e1 mais encolhimento do que o normal.<\/p>\n<p>Aten\u00e7\u00e3o: o produto pode n\u00e3o ser exactamente igual ao da foto. O tecido \u00e9 cortado de forma aleat\u00f3ria, pelo que os padr\u00f5es das pe\u00e7as ser\u00e3o todos diferentes<\/p>\n","protected":false},"excerpt":{"rendered":"<p>Pensando nas m\u00faltiplas necessidades da pele para se manter saud\u00e1vel, a MUSIC GIFT vende o maravilhoso sabonete de leite de burra da empresa portuguesa (Confian\u00e7a), num saco de tecido Nutcracker.<\/p>\n<p>Este sabonete tem uma base 100% vegetal e, posteriormente, \u00e9 enriquecido com leite de burra.<\/p>\n<p>O leite de burra \u00e9 uma fonte preciosa de amino\u00e1cidos, que fornece \u00e0 pele propriedades hidratantes, emolientes e reafirmantes.<\/p>\n<p>Ideal para todos os tipos de pele.<\/p>\n<p>A bolsa pode ser usada para transportar tecidos ou medicamentos!<\/p>\n","protected":false},"featured_media":11759,"comment_status":"closed","ping_status":"closed","template":"","meta":[],"product_cat":[264,737],"product_tag":[770,530,356],"aioseo_notices":[],"_links":{"self":[{"href":"https:\/\/music-gift.eu\/pt-pt\/wp-json\/wp\/v2\/product\/11764"}],"collection":[{"href":"https:\/\/music-gift.eu\/pt-pt\/wp-json\/wp\/v2\/product"}],"about":[{"href":"https:\/\/music-gift.eu\/pt-pt\/wp-json\/wp\/v2\/types\/product"}],"replies":[{"embeddable":true,"href":"https:\/\/music-gift.eu\/pt-pt\/wp-json\/wp\/v2\/comments?post=11764"}],"wp:featuredmedia":[{"embeddable":true,"href":"https:\/\/music-gift.eu\/pt-pt\/wp-json\/wp\/v2\/media\/11759"}],"wp:attachment":[{"href":"https:\/\/music-gift.eu\/pt-pt\/wp-json\/wp\/v2\/media?parent=11764"}],"wp:term":[{"taxonomy":"product_cat","embeddable":true,"href":"https:\/\/music-gift.eu\/pt-pt\/wp-json\/wp\/v2\/product_cat?post=11764"},{"taxonomy":"product_tag","embeddable":true,"href":"https:\/\/music-gift.eu\/pt-pt\/wp-json\/wp\/v2\/product_tag?post=11764"}],"curies":[{"name":"wp","href":"https:\/\/api.w.org\/{rel}","templated":true}]}}