{"id":11742,"date":"2020-06-28T22:01:39","date_gmt":"2020-06-28T21:01:39","guid":{"rendered":"https:\/\/music-gift.eu\/?post_type=product&#038;p=11742"},"modified":"2023-04-26T22:52:24","modified_gmt":"2023-04-26T21:52:24","slug":"capa-de-almofada-40x40-cm-jazz-copy-2","status":"publish","type":"product","link":"https:\/\/music-gift.eu\/pt-pt\/product\/capa-de-almofada-40x40-cm-jazz-copy-2\/","title":{"rendered":"Capa de almofada (40&#215;40 cm) | Composers"},"content":{"rendered":"<p>100% algod\u00e3o.<\/p>\n<p>O enchimento (interior) tem de ser comprado em separado,<\/p>\n<p>Lav\u00e1vel na m\u00e1quina a 30\u00ba<br \/>\nN\u00e3o lavar a seco ou a seco<br \/>\nFerro a temperatura m\u00e9dia<\/p>\n<p>Todas as fibras naturais encolher\u00e3o um pouco quando lavadas. No entanto, lavar os nossos tecidos de algod\u00e3o a temperaturas excessivamente quentes causar\u00e1 mais encolhimento do que o normal.<\/p>\n<p>Aten\u00e7\u00e3o: o produto pode n\u00e3o ser exactamente igual ao da foto. O tecido \u00e9 cortado de forma aleat\u00f3ria, pelo que os padr\u00f5es das pe\u00e7as ser\u00e3o todos diferentes<\/p>\n","protected":false},"excerpt":{"rendered":"<p>Adicione um toque de cor \u00e0 sua casa com esta capa de almofada feita com o nosso tecido compositores<\/p>\n<p>O complemento perfeito para qualquer interior de casa. Esta capa de almofada, em algod\u00e3o, \u00e9 perfeita para se aconchegar numa noite mais fria e adicionar\u00e1 conforto ao seu sof\u00e1, cama ou poltrona.<\/p>\n<p>Uma pe\u00e7a \u00fatil e maravilhosa para sua casa.<\/p>\n<p>Fecha com um fecho lateral, em toda a largura da capa.<\/p>\n<p>Enchimento n\u00e3o inclu\u00eddo.<\/p>\n","protected":false},"featured_media":11746,"comment_status":"closed","ping_status":"closed","template":"","meta":[],"product_cat":[597,743],"product_tag":[798,799],"aioseo_notices":[],"_links":{"self":[{"href":"https:\/\/music-gift.eu\/pt-pt\/wp-json\/wp\/v2\/product\/11742"}],"collection":[{"href":"https:\/\/music-gift.eu\/pt-pt\/wp-json\/wp\/v2\/product"}],"about":[{"href":"https:\/\/music-gift.eu\/pt-pt\/wp-json\/wp\/v2\/types\/product"}],"replies":[{"embeddable":true,"href":"https:\/\/music-gift.eu\/pt-pt\/wp-json\/wp\/v2\/comments?post=11742"}],"wp:featuredmedia":[{"embeddable":true,"href":"https:\/\/music-gift.eu\/pt-pt\/wp-json\/wp\/v2\/media\/11746"}],"wp:attachment":[{"href":"https:\/\/music-gift.eu\/pt-pt\/wp-json\/wp\/v2\/media?parent=11742"}],"wp:term":[{"taxonomy":"product_cat","embeddable":true,"href":"https:\/\/music-gift.eu\/pt-pt\/wp-json\/wp\/v2\/product_cat?post=11742"},{"taxonomy":"product_tag","embeddable":true,"href":"https:\/\/music-gift.eu\/pt-pt\/wp-json\/wp\/v2\/product_tag?post=11742"}],"curies":[{"name":"wp","href":"https:\/\/api.w.org\/{rel}","templated":true}]}}