{"id":11706,"date":"2020-06-28T20:28:00","date_gmt":"2020-06-28T19:28:00","guid":{"rendered":"https:\/\/music-gift.eu\/?post_type=product&#038;p=11706"},"modified":"2023-09-28T23:00:59","modified_gmt":"2023-09-28T22:00:59","slug":"elastico-para-cabelo-composers","status":"publish","type":"product","link":"https:\/\/music-gift.eu\/pt-pt\/product\/elastico-para-cabelo-composers\/","title":{"rendered":"El\u00e1stico para cabelo | Composers"},"content":{"rendered":"<p>Diametro exterior: Approx. 22 cm<br \/>\nDiametro interior: Approx. 5 cm<\/p>\n<p>100% algod\u00e3o.<\/p>\n<p>Lav\u00e1vel na m\u00e1quina a 30\u00ba<br \/>\nN\u00e3o lavar a seco ou a seco<br \/>\nFerro a temperatura m\u00e9dia<\/p>\n<p>Todas as fibras naturais encolher\u00e3o um pouco quando lavadas. No entanto, lavar os nossos tecidos de algod\u00e3o a temperaturas excessivamente quentes causar\u00e1 mais encolhimento do que o normal.<\/p>\n<p>Aten\u00e7\u00e3o: o produto pode n\u00e3o ser exactamente igual ao da foto. O tecido \u00e9 cortado de forma aleat\u00f3ria, pelo que os padr\u00f5es das pe\u00e7as ser\u00e3o todos diferentes<\/p>\n","protected":false},"excerpt":{"rendered":"<p>Este el\u00e1stico de cabelo far\u00e1\u00a0 o seu cabelo parecer fabuloso e \u00e9 um acess\u00f3rio indispens\u00e1vel para o cabelo!<\/p>\n<p>Perfeito para usar no cabelo ou coloc\u00e1-lo no pulso como um acess\u00f3rio dois em um.<\/p>\n<p>A eleg\u00e2ncia deste el\u00e1stico para cabelo permite que combine praticamente com qualquer roupa: para um concerto, uma audi\u00e7\u00e3o, etc,<br \/>\nPode segurar cabelos finos e grossos.<\/p>\n<p>Feito com o nosso tecido Compositores ,100% algod\u00e3o.<\/p>\n","protected":false},"featured_media":11699,"comment_status":"closed","ping_status":"closed","template":"","meta":[],"product_cat":[743,433,807,821,794],"product_tag":[796,795],"aioseo_notices":[],"_links":{"self":[{"href":"https:\/\/music-gift.eu\/pt-pt\/wp-json\/wp\/v2\/product\/11706"}],"collection":[{"href":"https:\/\/music-gift.eu\/pt-pt\/wp-json\/wp\/v2\/product"}],"about":[{"href":"https:\/\/music-gift.eu\/pt-pt\/wp-json\/wp\/v2\/types\/product"}],"replies":[{"embeddable":true,"href":"https:\/\/music-gift.eu\/pt-pt\/wp-json\/wp\/v2\/comments?post=11706"}],"wp:featuredmedia":[{"embeddable":true,"href":"https:\/\/music-gift.eu\/pt-pt\/wp-json\/wp\/v2\/media\/11699"}],"wp:attachment":[{"href":"https:\/\/music-gift.eu\/pt-pt\/wp-json\/wp\/v2\/media?parent=11706"}],"wp:term":[{"taxonomy":"product_cat","embeddable":true,"href":"https:\/\/music-gift.eu\/pt-pt\/wp-json\/wp\/v2\/product_cat?post=11706"},{"taxonomy":"product_tag","embeddable":true,"href":"https:\/\/music-gift.eu\/pt-pt\/wp-json\/wp\/v2\/product_tag?post=11706"}],"curies":[{"name":"wp","href":"https:\/\/api.w.org\/{rel}","templated":true}]}}