{"id":11669,"date":"2020-06-26T23:02:44","date_gmt":"2020-06-26T22:02:44","guid":{"rendered":"https:\/\/music-gift.eu\/?post_type=product&#038;p=11669"},"modified":"2023-10-02T21:50:58","modified_gmt":"2023-10-02T20:50:58","slug":"toalha-de-banho-composers-copy","status":"publish","type":"product","link":"https:\/\/music-gift.eu\/pt-pt\/product\/toalha-de-banho-composers-copy\/","title":{"rendered":"Toalha de m\u00e3os | Composers"},"content":{"rendered":"<p>100% algod\u00e3o.<\/p>\n<p>Lav\u00e1vel na m\u00e1quina a 40\u00ba<br \/>\nN\u00e3o lavar a seco ou a seco<br \/>\nFerro a temperatura m\u00e9dia<\/p>\n<p>Todas as fibras naturais encolher\u00e3o um pouco quando lavadas. No entanto, lavar os nossos tecidos de algod\u00e3o a temperaturas excessivamente quentes causar\u00e1 mais encolhimento do que o normal.<\/p>\n<p>Aten\u00e7\u00e3o: o produto pode n\u00e3o ser exactamente igual ao da foto. O tecido \u00e9 cortado de forma aleat\u00f3ria, pelo que os padr\u00f5es das pe\u00e7as ser\u00e3o todos diferentes<\/p>\n","protected":false},"excerpt":{"rendered":"<p>Uma delicada toalha de banho, 100%\u00a0 algod\u00e3o penteado, 400gr \/ m2.<br \/>\nMacia e leve &#8211; perfeita para quem tem pele sens\u00edvel, para b\u00e9b\u00e9s e crian\u00e7as.<\/p>\n<p>Estas toalhas apresentam elevada durabilidade, atingindo maciez e suavidade superiores a cada lavagem.<\/p>\n<p>cor: beje<\/p>\n<p>Dimens\u00f5es: 50&#215;90 cm<\/p>\n","protected":false},"featured_media":11671,"comment_status":"closed","ping_status":"closed","template":"","meta":[],"product_cat":[639,743],"product_tag":[515,482],"aioseo_notices":[],"_links":{"self":[{"href":"https:\/\/music-gift.eu\/pt-pt\/wp-json\/wp\/v2\/product\/11669"}],"collection":[{"href":"https:\/\/music-gift.eu\/pt-pt\/wp-json\/wp\/v2\/product"}],"about":[{"href":"https:\/\/music-gift.eu\/pt-pt\/wp-json\/wp\/v2\/types\/product"}],"replies":[{"embeddable":true,"href":"https:\/\/music-gift.eu\/pt-pt\/wp-json\/wp\/v2\/comments?post=11669"}],"wp:featuredmedia":[{"embeddable":true,"href":"https:\/\/music-gift.eu\/pt-pt\/wp-json\/wp\/v2\/media\/11671"}],"wp:attachment":[{"href":"https:\/\/music-gift.eu\/pt-pt\/wp-json\/wp\/v2\/media?parent=11669"}],"wp:term":[{"taxonomy":"product_cat","embeddable":true,"href":"https:\/\/music-gift.eu\/pt-pt\/wp-json\/wp\/v2\/product_cat?post=11669"},{"taxonomy":"product_tag","embeddable":true,"href":"https:\/\/music-gift.eu\/pt-pt\/wp-json\/wp\/v2\/product_tag?post=11669"}],"curies":[{"name":"wp","href":"https:\/\/api.w.org\/{rel}","templated":true}]}}