{"id":11621,"date":"2020-06-26T21:37:30","date_gmt":"2020-06-26T20:37:30","guid":{"rendered":"https:\/\/music-gift.eu\/?post_type=product&#038;p=11621"},"modified":"2023-09-24T19:08:29","modified_gmt":"2023-09-24T18:08:29","slug":"cesto-jazz","status":"publish","type":"product","link":"https:\/\/music-gift.eu\/pt-pt\/product\/cesto-jazz\/","title":{"rendered":"Cesto | Jazz"},"content":{"rendered":"<p>100% algod\u00e3o.<\/p>\n<p>Lav\u00e1vel na m\u00e1quina a 30\u00ba<br \/>\nN\u00e3o lavar a seco ou a seco<br \/>\nFerro a temperatura m\u00e9dia<\/p>\n<p>Todas as fibras naturais encolher\u00e3o um pouco quando lavadas. No entanto, lavar os nossos tecidos de algod\u00e3o a temperaturas excessivamente quentes causar\u00e1 mais encolhimento do que o normal.<\/p>\n<p>Aten\u00e7\u00e3o: o produto pode n\u00e3o ser exactamente igual ao da foto. O tecido \u00e9 cortado de forma aleat\u00f3ria, pelo que os padr\u00f5es das pe\u00e7as ser\u00e3o todos diferentes<\/p>\n","protected":false},"excerpt":{"rendered":"<p>O cesto de tecido \u00e9 \u00f3ptimo para armazenar e organizar pequenos objectos em sua casa, escrit\u00f3rio ou est\u00fadio.<\/p>\n<p>Use-o para armazenar frutas, p\u00e3o, biscoitos, brinquedos, l\u00e1pis ou qualquer coisa que lhe vier \u00e0 cabe\u00e7a.<\/p>\n<p>Cesto de dupla face: uma em tecido preto e outra em tecido jazz<\/p>\n<p>Dimens\u00f5es: aprox:\u00a0 \u00d8 19 cm x A20 cm<\/p>\n","protected":false},"featured_media":14224,"comment_status":"closed","ping_status":"closed","template":"","meta":[],"product_cat":[787,767,739],"product_tag":[330,676],"aioseo_notices":[],"_links":{"self":[{"href":"https:\/\/music-gift.eu\/pt-pt\/wp-json\/wp\/v2\/product\/11621"}],"collection":[{"href":"https:\/\/music-gift.eu\/pt-pt\/wp-json\/wp\/v2\/product"}],"about":[{"href":"https:\/\/music-gift.eu\/pt-pt\/wp-json\/wp\/v2\/types\/product"}],"replies":[{"embeddable":true,"href":"https:\/\/music-gift.eu\/pt-pt\/wp-json\/wp\/v2\/comments?post=11621"}],"wp:featuredmedia":[{"embeddable":true,"href":"https:\/\/music-gift.eu\/pt-pt\/wp-json\/wp\/v2\/media\/14224"}],"wp:attachment":[{"href":"https:\/\/music-gift.eu\/pt-pt\/wp-json\/wp\/v2\/media?parent=11621"}],"wp:term":[{"taxonomy":"product_cat","embeddable":true,"href":"https:\/\/music-gift.eu\/pt-pt\/wp-json\/wp\/v2\/product_cat?post=11621"},{"taxonomy":"product_tag","embeddable":true,"href":"https:\/\/music-gift.eu\/pt-pt\/wp-json\/wp\/v2\/product_tag?post=11621"}],"curies":[{"name":"wp","href":"https:\/\/api.w.org\/{rel}","templated":true}]}}