{"id":11568,"date":"2020-06-25T22:18:02","date_gmt":"2020-06-25T21:18:02","guid":{"rendered":"https:\/\/music-gift.eu\/?post_type=product&#038;p=11568"},"modified":"2023-09-25T18:27:53","modified_gmt":"2023-09-25T17:27:53","slug":"luva-de-cozinha-nutcracker-copy","status":"publish","type":"product","link":"https:\/\/music-gift.eu\/pt-pt\/product\/luva-de-cozinha-nutcracker-copy\/","title":{"rendered":"Luva de cozinha | Jazz"},"content":{"rendered":"<p>100% algod\u00e3o.<br \/>\nTodas as fibras naturais encolher\u00e3o um pouco quando lavadas. No entanto, lavar os nossos tecidos de algod\u00e3o a temperaturas excessivamente quentes causar\u00e1 mais encolhimento do que o normal.<\/p>\n<p>Aten\u00e7\u00e3o: o produto pode n\u00e3o ser exactamente igual ao da foto. O tecido \u00e9 cortado de forma aleat\u00f3ria, pelo que os padr\u00f5es das pe\u00e7as ser\u00e3o todos diferentes<\/p>\n","protected":false},"excerpt":{"rendered":"<p>Esta luva \u00e9 um acess\u00f3rio essencial na cozinha. A etiqueta, na parte superior da luva permite que a possa pendurar.<\/p>\n<p>100% algod\u00e3o<br \/>\n15cm x 30cm<br \/>\nLav\u00e1vel na m\u00e1quina a 30 graus<br \/>\nN\u00e3o lavar a seco ou a seco<br \/>\nFerro a temperatura m\u00e9dia<\/p>\n","protected":false},"featured_media":11572,"comment_status":"closed","ping_status":"closed","template":"","meta":[],"product_cat":[763,739,814],"product_tag":[756,676,479],"aioseo_notices":[],"_links":{"self":[{"href":"https:\/\/music-gift.eu\/pt-pt\/wp-json\/wp\/v2\/product\/11568"}],"collection":[{"href":"https:\/\/music-gift.eu\/pt-pt\/wp-json\/wp\/v2\/product"}],"about":[{"href":"https:\/\/music-gift.eu\/pt-pt\/wp-json\/wp\/v2\/types\/product"}],"replies":[{"embeddable":true,"href":"https:\/\/music-gift.eu\/pt-pt\/wp-json\/wp\/v2\/comments?post=11568"}],"wp:featuredmedia":[{"embeddable":true,"href":"https:\/\/music-gift.eu\/pt-pt\/wp-json\/wp\/v2\/media\/11572"}],"wp:attachment":[{"href":"https:\/\/music-gift.eu\/pt-pt\/wp-json\/wp\/v2\/media?parent=11568"}],"wp:term":[{"taxonomy":"product_cat","embeddable":true,"href":"https:\/\/music-gift.eu\/pt-pt\/wp-json\/wp\/v2\/product_cat?post=11568"},{"taxonomy":"product_tag","embeddable":true,"href":"https:\/\/music-gift.eu\/pt-pt\/wp-json\/wp\/v2\/product_tag?post=11568"}],"curies":[{"name":"wp","href":"https:\/\/api.w.org\/{rel}","templated":true}]}}