{"id":11551,"date":"2017-06-25T21:34:03","date_gmt":"2017-06-25T20:34:03","guid":{"rendered":"https:\/\/music-gift.eu\/?post_type=product&#038;p=11551"},"modified":"2021-09-14T13:01:28","modified_gmt":"2021-09-14T12:01:28","slug":"avental-crianca-nutcracker","status":"publish","type":"product","link":"https:\/\/music-gift.eu\/pt-pt\/product\/avental-crianca-nutcracker\/","title":{"rendered":"Avental crian\u00e7a| Nutcracker"},"content":{"rendered":"<p>Dimens\u00f5es: Approx A50 cm\u00a0 | L42cm &#8211; al\u00e7a do pesco\u00e7o A18 cm<\/p>\n<p>100% algod\u00e3o<\/p>\n<p>Lav\u00e1vel na m\u00e1quina a 30\u00ba<\/p>\n<p>Aten\u00e7\u00e3o: Todos os produtos s\u00e3o feitos de rolos de tecido com um design de repeti\u00e7\u00e3o do padr\u00e3o. Isso significa que o design apresentado em cada produto varia.<\/p>\n<p>&nbsp;<\/p>\n<p><span style=\"color: #000000; font-family: Trebuchet MS; font-size: medium;\">05600300282660<\/span><\/p>\n","protected":false},"excerpt":{"rendered":"<p>O presente perfeito para que os mais pequenos comecem a gostar de cozinhar.<\/p>\n<p>Para crian\u00e7as de 2 a 8 anos, este avental com tema Nutcracker \u00e9 perfeito n\u00e3o s\u00f3 para usar\u00a0 \u00a0na cozinha como tamb\u00e9m para proteger as roupas dos mais novos em trabalhos manuais.<\/p>\n<p>\u00c9 f\u00e1cil de usar com uma al\u00e7a de pesco\u00e7o simples\u00a0 e outra na cintura, facilita muito o uso.<\/p>\n<p>Produzido com o nosso tecido cinza, em 100% algod\u00e3o e com uma aplica\u00e7\u00e3o, no bolso frontal, do tecido Nutcracker.<\/p>\n","protected":false},"featured_media":11617,"comment_status":"closed","ping_status":"closed","template":"","meta":[],"product_cat":[647,433,801,737],"product_tag":[477,480,770],"aioseo_notices":[],"_links":{"self":[{"href":"https:\/\/music-gift.eu\/pt-pt\/wp-json\/wp\/v2\/product\/11551"}],"collection":[{"href":"https:\/\/music-gift.eu\/pt-pt\/wp-json\/wp\/v2\/product"}],"about":[{"href":"https:\/\/music-gift.eu\/pt-pt\/wp-json\/wp\/v2\/types\/product"}],"replies":[{"embeddable":true,"href":"https:\/\/music-gift.eu\/pt-pt\/wp-json\/wp\/v2\/comments?post=11551"}],"wp:featuredmedia":[{"embeddable":true,"href":"https:\/\/music-gift.eu\/pt-pt\/wp-json\/wp\/v2\/media\/11617"}],"wp:attachment":[{"href":"https:\/\/music-gift.eu\/pt-pt\/wp-json\/wp\/v2\/media?parent=11551"}],"wp:term":[{"taxonomy":"product_cat","embeddable":true,"href":"https:\/\/music-gift.eu\/pt-pt\/wp-json\/wp\/v2\/product_cat?post=11551"},{"taxonomy":"product_tag","embeddable":true,"href":"https:\/\/music-gift.eu\/pt-pt\/wp-json\/wp\/v2\/product_tag?post=11551"}],"curies":[{"name":"wp","href":"https:\/\/api.w.org\/{rel}","templated":true}]}}