{"id":11529,"date":"2020-06-24T21:32:40","date_gmt":"2020-06-24T20:32:40","guid":{"rendered":"https:\/\/music-gift.eu\/?post_type=product&#038;p=11529"},"modified":"2023-09-26T22:02:07","modified_gmt":"2023-09-26T21:02:07","slug":"bolsa-tiracolo-hidden-music","status":"publish","type":"product","link":"https:\/\/music-gift.eu\/pt-pt\/product\/bolsa-tiracolo-hidden-music\/","title":{"rendered":"Bolsa tiracolo | Hidden Music"},"content":{"rendered":"<p>Dimens\u00f5es: Approx L20 x A18 cm<\/p>\n<p>100% algod\u00e3o<\/p>\n<p>Lav\u00e1vel na m\u00e1quina a30\u00ba<\/p>\n<p>N\u00e3o passar a ferro por cima do estampado<\/p>\n<p>Todas as fibras naturais poder\u00e3o encolher um pouco quando lavadas pela primeira vez. No entanto, lavar os nossos tecidos de algod\u00e3o a temperaturas excessivamente quentes causar\u00e1 mais encolhimento do que o normal.<\/p>\n","protected":false},"excerpt":{"rendered":"<p>Uma pequena bolsa feita especialmente para todos os momentos em que voc\u00ea precisa ter seu telefone (at\u00e9 o maior serve) e alguns outros objectos essenciais.<\/p>\n<p>Quantas vezes voc\u00ea saiu de casa com o telefone e as chaves na m\u00e3o porque n\u00e3o tem objectos que justifiquem uma bolsa grande?<\/p>\n<p>\u00c9 tamb\u00e9m excelente bolsa para viajar &#8211; \u00e9 plana e fica perto do seu corpo, deixando as m\u00e3os livres.<\/p>\n<p>Tem um fecho de correr da largura total da bolsa para facilitar o acesso e tem uma al\u00e7a ajust\u00e1vel.<\/p>\n<p>Produzida em tecido cinza, 100% algod\u00e3o e estampada em branco.<\/p>\n","protected":false},"featured_media":11516,"comment_status":"closed","ping_status":"closed","template":"","meta":[],"product_cat":[433,741,805,698,692],"product_tag":[461],"aioseo_notices":[],"_links":{"self":[{"href":"https:\/\/music-gift.eu\/pt-pt\/wp-json\/wp\/v2\/product\/11529"}],"collection":[{"href":"https:\/\/music-gift.eu\/pt-pt\/wp-json\/wp\/v2\/product"}],"about":[{"href":"https:\/\/music-gift.eu\/pt-pt\/wp-json\/wp\/v2\/types\/product"}],"replies":[{"embeddable":true,"href":"https:\/\/music-gift.eu\/pt-pt\/wp-json\/wp\/v2\/comments?post=11529"}],"wp:featuredmedia":[{"embeddable":true,"href":"https:\/\/music-gift.eu\/pt-pt\/wp-json\/wp\/v2\/media\/11516"}],"wp:attachment":[{"href":"https:\/\/music-gift.eu\/pt-pt\/wp-json\/wp\/v2\/media?parent=11529"}],"wp:term":[{"taxonomy":"product_cat","embeddable":true,"href":"https:\/\/music-gift.eu\/pt-pt\/wp-json\/wp\/v2\/product_cat?post=11529"},{"taxonomy":"product_tag","embeddable":true,"href":"https:\/\/music-gift.eu\/pt-pt\/wp-json\/wp\/v2\/product_tag?post=11529"}],"curies":[{"name":"wp","href":"https:\/\/api.w.org\/{rel}","templated":true}]}}