{"id":11499,"date":"2020-06-24T20:32:31","date_gmt":"2020-06-24T19:32:31","guid":{"rendered":"https:\/\/music-gift.eu\/?post_type=product&#038;p=11499"},"modified":"2023-08-28T17:47:22","modified_gmt":"2023-08-28T16:47:22","slug":"mochila-com-bolso-nutcracker-copy","status":"publish","type":"product","link":"https:\/\/music-gift.eu\/pt-pt\/product\/mochila-com-bolso-nutcracker-copy\/","title":{"rendered":"Mochila  | Hidden Music"},"content":{"rendered":"<p>Dimens\u00f5es: Approx 32 x 36 cm<\/p>\n<p>100% cotton<\/p>\n<p>Lav\u00e1vel na m\u00e1quina a 30\u00ba<\/p>\n<p>N\u00e3o passar a ferro por cima do estampado<\/p>\n<p>Todas as fibras naturais poder\u00e3o encolher um pouco quando lavadas pela primeira vez. No entanto, lavar os nossos tecidos de algod\u00e3o a temperaturas excessivamente quentes causar\u00e1 mais encolhimento do que o normal.<\/p>\n","protected":false},"excerpt":{"rendered":"<p>Esta mochila Hidden Music \u00e9 a combina\u00e7\u00e3o inteligente de uma bolsa e de uma mochila. Pode coloc\u00e1-lo \u00e0s costas e libertar as\u00a0 suas m\u00e3os ou us\u00e1-lo como uma bolsa de m\u00e3o.<\/p>\n<p>Esta mochila \u00e9 \u00f3ptima para todos os dias, transportando objectos essenciais para a escola. Crian\u00e7as e adultos podem us\u00e1-la\u00a0 porque \u00e9 muito funcional e muito pr\u00e1tico.<\/p>\n<p>Produzida com o nosso tecido cinza, 100% algod\u00e3o e estampado em branco.<\/p>\n","protected":false},"featured_media":11511,"comment_status":"open","ping_status":"closed","template":"","meta":[],"product_cat":[433,741,805,690,700],"product_tag":[570,462],"aioseo_notices":[],"_links":{"self":[{"href":"https:\/\/music-gift.eu\/pt-pt\/wp-json\/wp\/v2\/product\/11499"}],"collection":[{"href":"https:\/\/music-gift.eu\/pt-pt\/wp-json\/wp\/v2\/product"}],"about":[{"href":"https:\/\/music-gift.eu\/pt-pt\/wp-json\/wp\/v2\/types\/product"}],"replies":[{"embeddable":true,"href":"https:\/\/music-gift.eu\/pt-pt\/wp-json\/wp\/v2\/comments?post=11499"}],"wp:featuredmedia":[{"embeddable":true,"href":"https:\/\/music-gift.eu\/pt-pt\/wp-json\/wp\/v2\/media\/11511"}],"wp:attachment":[{"href":"https:\/\/music-gift.eu\/pt-pt\/wp-json\/wp\/v2\/media?parent=11499"}],"wp:term":[{"taxonomy":"product_cat","embeddable":true,"href":"https:\/\/music-gift.eu\/pt-pt\/wp-json\/wp\/v2\/product_cat?post=11499"},{"taxonomy":"product_tag","embeddable":true,"href":"https:\/\/music-gift.eu\/pt-pt\/wp-json\/wp\/v2\/product_tag?post=11499"}],"curies":[{"name":"wp","href":"https:\/\/api.w.org\/{rel}","templated":true}]}}