{"id":11452,"date":"2020-06-24T17:42:09","date_gmt":"2020-06-24T16:42:09","guid":{"rendered":"https:\/\/music-gift.eu\/?post_type=product&#038;p=11452"},"modified":"2023-07-19T10:43:20","modified_gmt":"2023-07-19T09:43:20","slug":"mini-city-bag-composers","status":"publish","type":"product","link":"https:\/\/music-gift.eu\/pt-pt\/product\/mini-city-bag-composers\/","title":{"rendered":"Mini city bag | Composers"},"content":{"rendered":"<p>Dimens\u00f5es: Approx 27 x 27 cm x 10 cm<\/p>\n<p>100% algod\u00e3o (exterior, na frente), 100% nylon imperme\u00e1vel (todo o saco)<\/p>\n<p>Lav\u00e1vel na m\u00e1quina a 30\u00ba<\/p>\n<p>Aten\u00e7\u00e3o: Todos os produtos s\u00e3o feitos de rolos de tecido com um design de repeti\u00e7\u00e3o do padr\u00e3o. Isso significa que o design apresentado em cada produto varia.<\/p>\n","protected":false},"excerpt":{"rendered":"<p>Perfeito para guardar o seu almo\u00e7o ou livros ou at\u00e9 para pequenas compras, este saco \u00e9 feito com nosso tecido Compositores.<\/p>\n<p>O saco tem um bolso interno e fecha com velcro na parte superior. A base \u00e9 plana para que se segure na vertical<\/p>\n<p>Resistente \u00e0 \u00e1gua e em nylon e imperme\u00e1vel.<\/p>\n","protected":false},"featured_media":11439,"comment_status":"closed","ping_status":"closed","template":"","meta":[],"product_cat":[743,760,692,700],"product_tag":[356],"aioseo_notices":[],"_links":{"self":[{"href":"https:\/\/music-gift.eu\/pt-pt\/wp-json\/wp\/v2\/product\/11452"}],"collection":[{"href":"https:\/\/music-gift.eu\/pt-pt\/wp-json\/wp\/v2\/product"}],"about":[{"href":"https:\/\/music-gift.eu\/pt-pt\/wp-json\/wp\/v2\/types\/product"}],"replies":[{"embeddable":true,"href":"https:\/\/music-gift.eu\/pt-pt\/wp-json\/wp\/v2\/comments?post=11452"}],"wp:featuredmedia":[{"embeddable":true,"href":"https:\/\/music-gift.eu\/pt-pt\/wp-json\/wp\/v2\/media\/11439"}],"wp:attachment":[{"href":"https:\/\/music-gift.eu\/pt-pt\/wp-json\/wp\/v2\/media?parent=11452"}],"wp:term":[{"taxonomy":"product_cat","embeddable":true,"href":"https:\/\/music-gift.eu\/pt-pt\/wp-json\/wp\/v2\/product_cat?post=11452"},{"taxonomy":"product_tag","embeddable":true,"href":"https:\/\/music-gift.eu\/pt-pt\/wp-json\/wp\/v2\/product_tag?post=11452"}],"curies":[{"name":"wp","href":"https:\/\/api.w.org\/{rel}","templated":true}]}}