{"id":11415,"date":"2020-06-24T16:51:10","date_gmt":"2020-06-24T15:51:10","guid":{"rendered":"https:\/\/music-gift.eu\/?post_type=product&#038;p=11415"},"modified":"2021-01-03T16:23:55","modified_gmt":"2021-01-03T15:23:55","slug":"porta-chaves-e-moedas-jazz-copy-2","status":"publish","type":"product","link":"https:\/\/music-gift.eu\/pt-pt\/product\/porta-chaves-e-moedas-jazz-copy-2\/","title":{"rendered":"Bolsa para \u00f3culos | Jazz"},"content":{"rendered":"<p>Dimens\u00f5es: Approx 19 x 9,5 cm<\/p>\n<p>100% algod\u00e3o<\/p>\n<p>Lav\u00e1vel na m\u00e1quina a 30\u00ba<\/p>\n<p>Aten\u00e7\u00e3o: Todos os produtos s\u00e3o feitos de rolos de tecido com um design de repeti\u00e7\u00e3o do padr\u00e3o. Isso significa que o design apresentado em cada produto varia.<\/p>\n","protected":false},"excerpt":{"rendered":"<p>Bolsas para \u00f3culos, macia s\u00e3o o acess\u00f3rio perfeito para todos (e tamb\u00e9m para as crian\u00e7as) colocarem seus \u00f3culos ou \u00f3culos de sol.<\/p>\n<p>A bolsa tem um\u00a0 cord\u00e3o (que puxa de ambos os lados) para facilitar a abertura e o fecho<\/p>\n<p>Esta bolsa oferece uma prote\u00e7\u00e3o contra arranh\u00f5es e pancadas que podem ocorrer e guarda-se facilmente dentro da mala, mochila ou porta-luvas<\/p>\n","protected":false},"featured_media":11417,"comment_status":"closed","ping_status":"closed","template":"","meta":[],"product_cat":[716,739,714],"product_tag":[676,356],"aioseo_notices":[],"_links":{"self":[{"href":"https:\/\/music-gift.eu\/pt-pt\/wp-json\/wp\/v2\/product\/11415"}],"collection":[{"href":"https:\/\/music-gift.eu\/pt-pt\/wp-json\/wp\/v2\/product"}],"about":[{"href":"https:\/\/music-gift.eu\/pt-pt\/wp-json\/wp\/v2\/types\/product"}],"replies":[{"embeddable":true,"href":"https:\/\/music-gift.eu\/pt-pt\/wp-json\/wp\/v2\/comments?post=11415"}],"wp:featuredmedia":[{"embeddable":true,"href":"https:\/\/music-gift.eu\/pt-pt\/wp-json\/wp\/v2\/media\/11417"}],"wp:attachment":[{"href":"https:\/\/music-gift.eu\/pt-pt\/wp-json\/wp\/v2\/media?parent=11415"}],"wp:term":[{"taxonomy":"product_cat","embeddable":true,"href":"https:\/\/music-gift.eu\/pt-pt\/wp-json\/wp\/v2\/product_cat?post=11415"},{"taxonomy":"product_tag","embeddable":true,"href":"https:\/\/music-gift.eu\/pt-pt\/wp-json\/wp\/v2\/product_tag?post=11415"}],"curies":[{"name":"wp","href":"https:\/\/api.w.org\/{rel}","templated":true}]}}