{"id":11337,"date":"2020-06-23T11:55:13","date_gmt":"2020-06-23T10:55:13","guid":{"rendered":"https:\/\/music-gift.eu\/?post_type=product&#038;p=11337"},"modified":"2023-09-24T18:30:03","modified_gmt":"2023-09-24T17:30:03","slug":"bolsa-de-viagem-composers-copy","status":"publish","type":"product","link":"https:\/\/music-gift.eu\/pt-pt\/product\/bolsa-de-viagem-composers-copy\/","title":{"rendered":"Bolsa de viagem | Jazz"},"content":{"rendered":"<p>Dimens\u00f5es: Approx 23 x 10 x 10 cm<\/p>\n<p>100% algod\u00e3o (exterior), 100% polyester (interior)<\/p>\n<p>Lav\u00e1vel na m\u00e1quina a 30\u00ba<\/p>\n<p>Aten\u00e7\u00e3o: Todos os produtos s\u00e3o feitos de rolos de tecido com um design de repeti\u00e7\u00e3o do padr\u00e3o. Isso significa que o design apresentado em cada produto varia.<\/p>\n","protected":false},"excerpt":{"rendered":"<p>Esta bolsa de viagem Jazz \u00e9\u00a0 ideal para guardar todos os produtos de higiene pessoal e acess\u00f3rios, em viagem ou em casa.<\/p>\n<p>O exterior \u00e9 em 100% algod\u00e3o e o forro \u00e9 em poliester preto, resistente \u00e0 \u00e1gua e de f\u00e1cil limpeza.<\/p>\n<p>Fecho de correr de largura total para facilitar o acesso ao interior da bolsa.<\/p>\n","protected":false},"featured_media":11350,"comment_status":"closed","ping_status":"closed","template":"","meta":[],"product_cat":[724,739,814,714],"product_tag":[676,356,493],"aioseo_notices":[],"_links":{"self":[{"href":"https:\/\/music-gift.eu\/pt-pt\/wp-json\/wp\/v2\/product\/11337"}],"collection":[{"href":"https:\/\/music-gift.eu\/pt-pt\/wp-json\/wp\/v2\/product"}],"about":[{"href":"https:\/\/music-gift.eu\/pt-pt\/wp-json\/wp\/v2\/types\/product"}],"replies":[{"embeddable":true,"href":"https:\/\/music-gift.eu\/pt-pt\/wp-json\/wp\/v2\/comments?post=11337"}],"wp:featuredmedia":[{"embeddable":true,"href":"https:\/\/music-gift.eu\/pt-pt\/wp-json\/wp\/v2\/media\/11350"}],"wp:attachment":[{"href":"https:\/\/music-gift.eu\/pt-pt\/wp-json\/wp\/v2\/media?parent=11337"}],"wp:term":[{"taxonomy":"product_cat","embeddable":true,"href":"https:\/\/music-gift.eu\/pt-pt\/wp-json\/wp\/v2\/product_cat?post=11337"},{"taxonomy":"product_tag","embeddable":true,"href":"https:\/\/music-gift.eu\/pt-pt\/wp-json\/wp\/v2\/product_tag?post=11337"}],"curies":[{"name":"wp","href":"https:\/\/api.w.org\/{rel}","templated":true}]}}