{"id":11308,"date":"2020-06-22T22:22:44","date_gmt":"2020-06-22T21:22:44","guid":{"rendered":"https:\/\/music-gift.eu\/?post_type=product&#038;p=11308"},"modified":"2023-05-17T17:09:06","modified_gmt":"2023-05-17T16:09:06","slug":"estojo-hidden-music-copy","status":"publish","type":"product","link":"https:\/\/music-gift.eu\/pt-pt\/product\/estojo-hidden-music-copy\/","title":{"rendered":"Bolsa | Nutcracker"},"content":{"rendered":"<p>Dimens\u00f5es Approx 21 x 10 cm<\/p>\n<p>100% algod\u00e3o<\/p>\n<p>Fecho de correr na largura total para facilitar o acesso<\/p>\n<p>Lav\u00e1vel na m\u00e1quina a 30\u00ba<\/p>\n<p>Aten\u00e7\u00e3o: Todos os produtos s\u00e3o feitos de rolos de tecido com um design de repeti\u00e7\u00e3o do padr\u00e3o. Isso significa que o design apresentado em cada produto varia.<\/p>\n<p>&nbsp;<\/p>\n","protected":false},"excerpt":{"rendered":"<p>Uma bolsa multifun\u00e7\u00f5es com fecho, fabricada com o nosso tecido Nutcracker, 100% algod\u00e3o.<\/p>\n<p>Perfeita para usar como uma estojo ou como uma bolsa de maquilhagem. Muito pr\u00e1tica e vers\u00e1til.<\/p>\n","protected":false},"featured_media":11310,"comment_status":"closed","ping_status":"closed","template":"","meta":[],"product_cat":[942,718,737,277,714,261],"product_tag":[758,285,359,770],"aioseo_notices":[],"_links":{"self":[{"href":"https:\/\/music-gift.eu\/pt-pt\/wp-json\/wp\/v2\/product\/11308"}],"collection":[{"href":"https:\/\/music-gift.eu\/pt-pt\/wp-json\/wp\/v2\/product"}],"about":[{"href":"https:\/\/music-gift.eu\/pt-pt\/wp-json\/wp\/v2\/types\/product"}],"replies":[{"embeddable":true,"href":"https:\/\/music-gift.eu\/pt-pt\/wp-json\/wp\/v2\/comments?post=11308"}],"wp:featuredmedia":[{"embeddable":true,"href":"https:\/\/music-gift.eu\/pt-pt\/wp-json\/wp\/v2\/media\/11310"}],"wp:attachment":[{"href":"https:\/\/music-gift.eu\/pt-pt\/wp-json\/wp\/v2\/media?parent=11308"}],"wp:term":[{"taxonomy":"product_cat","embeddable":true,"href":"https:\/\/music-gift.eu\/pt-pt\/wp-json\/wp\/v2\/product_cat?post=11308"},{"taxonomy":"product_tag","embeddable":true,"href":"https:\/\/music-gift.eu\/pt-pt\/wp-json\/wp\/v2\/product_tag?post=11308"}],"curies":[{"name":"wp","href":"https:\/\/api.w.org\/{rel}","templated":true}]}}