{"id":10638,"date":"2019-10-11T15:00:11","date_gmt":"2019-10-11T14:00:11","guid":{"rendered":"https:\/\/music-gift.eu\/product\/sem%20categoria\/pega-de-cozinha-nutcracker\/"},"modified":"2023-09-25T18:32:53","modified_gmt":"2023-09-25T17:32:53","slug":"pega-de-cozinha-nutcracker","status":"publish","type":"product","link":"https:\/\/music-gift.eu\/pt-pt\/product\/pega-de-cozinha-nutcracker\/","title":{"rendered":"Pega de cozinha | Nutcracker"},"content":{"rendered":"<p>Aten\u00e7\u00e3o: O produto pode n\u00e3o ser exactamente igual ao das fotos. O corte do tecido \u00e9 feito aleatoriamente, por isso, as pe\u00e7as podem ser diferentes.<\/p>\n","protected":false},"excerpt":{"rendered":"<p>100% algod\u00e3o<\/p>\n<p>Dimens\u00f5es da luva: altura 30 cm | largura 15 cm<\/p>\n<p>Fabricado em Portugal pela MUSIC GIFT.<\/p>\n","protected":false},"featured_media":10996,"comment_status":"open","ping_status":"closed","template":"","meta":[],"product_cat":[763,737],"product_tag":[379,756,380],"aioseo_notices":[],"_links":{"self":[{"href":"https:\/\/music-gift.eu\/pt-pt\/wp-json\/wp\/v2\/product\/10638"}],"collection":[{"href":"https:\/\/music-gift.eu\/pt-pt\/wp-json\/wp\/v2\/product"}],"about":[{"href":"https:\/\/music-gift.eu\/pt-pt\/wp-json\/wp\/v2\/types\/product"}],"replies":[{"embeddable":true,"href":"https:\/\/music-gift.eu\/pt-pt\/wp-json\/wp\/v2\/comments?post=10638"}],"wp:featuredmedia":[{"embeddable":true,"href":"https:\/\/music-gift.eu\/pt-pt\/wp-json\/wp\/v2\/media\/10996"}],"wp:attachment":[{"href":"https:\/\/music-gift.eu\/pt-pt\/wp-json\/wp\/v2\/media?parent=10638"}],"wp:term":[{"taxonomy":"product_cat","embeddable":true,"href":"https:\/\/music-gift.eu\/pt-pt\/wp-json\/wp\/v2\/product_cat?post=10638"},{"taxonomy":"product_tag","embeddable":true,"href":"https:\/\/music-gift.eu\/pt-pt\/wp-json\/wp\/v2\/product_tag?post=10638"}],"curies":[{"name":"wp","href":"https:\/\/api.w.org\/{rel}","templated":true}]}}