{"id":10556,"date":"2023-08-30T14:51:53","date_gmt":"2023-08-30T13:51:53","guid":{"rendered":"https:\/\/music-gift.eu\/product\/sem%20categoria\/jazz-tote-bag\/"},"modified":"2025-07-07T14:47:27","modified_gmt":"2025-07-07T13:47:27","slug":"jazz-tote-bag","status":"publish","type":"product","link":"https:\/\/music-gift.eu\/pt-pt\/product\/jazz-tote-bag\/","title":{"rendered":"jazz | tote bag"},"content":{"rendered":"<p>dimens\u00f5es: 38 x 42 cm | al\u00e7as: 30 cm<\/p>\n<p>100% algod\u00e3o<\/p>\n<p>lav\u00e1vel na m\u00e1quina a 30\u00ba<\/p>\n<p>N\u00e3o passar a ferro por cima do estampado<\/p>\n<p>N\u00e3o lavar a seco.<\/p>\n<p>Todas as fibras naturais poder\u00e3o encolher um pouco quando lavadas pela primeira vez. No entanto, lavar os nossos tecidos de algod\u00e3o a temperaturas excessivamente quentes causar\u00e1 mais encolhimento do que o normal.<\/p>\n<p>&nbsp;<\/p>\n","protected":false},"excerpt":{"rendered":"<p>Uma maneira elegante de transportar livros, compras ou qualquer outra coisa de que possa precisar! Sarja de algod\u00e3o de alta qualidade, especialmente espa\u00e7oso e pr\u00e1tico.<\/p>\n<p>Al\u00e7as na altura dos ombros proporcionam conforto com estilo em todas as situa\u00e7\u00f5es.<\/p>\n","protected":false},"featured_media":14362,"comment_status":"open","ping_status":"closed","template":"","meta":[],"product_cat":[739,696,694,700],"product_tag":[676,356,536],"aioseo_notices":[],"_links":{"self":[{"href":"https:\/\/music-gift.eu\/pt-pt\/wp-json\/wp\/v2\/product\/10556"}],"collection":[{"href":"https:\/\/music-gift.eu\/pt-pt\/wp-json\/wp\/v2\/product"}],"about":[{"href":"https:\/\/music-gift.eu\/pt-pt\/wp-json\/wp\/v2\/types\/product"}],"replies":[{"embeddable":true,"href":"https:\/\/music-gift.eu\/pt-pt\/wp-json\/wp\/v2\/comments?post=10556"}],"wp:featuredmedia":[{"embeddable":true,"href":"https:\/\/music-gift.eu\/pt-pt\/wp-json\/wp\/v2\/media\/14362"}],"wp:attachment":[{"href":"https:\/\/music-gift.eu\/pt-pt\/wp-json\/wp\/v2\/media?parent=10556"}],"wp:term":[{"taxonomy":"product_cat","embeddable":true,"href":"https:\/\/music-gift.eu\/pt-pt\/wp-json\/wp\/v2\/product_cat?post=10556"},{"taxonomy":"product_tag","embeddable":true,"href":"https:\/\/music-gift.eu\/pt-pt\/wp-json\/wp\/v2\/product_tag?post=10556"}],"curies":[{"name":"wp","href":"https:\/\/api.w.org\/{rel}","templated":true}]}}