{"id":10171,"date":"2020-04-12T15:05:56","date_gmt":"2020-04-12T14:05:56","guid":{"rendered":"https:\/\/music-gift.eu\/?post_type=product&#038;p=10171"},"modified":"2023-09-17T23:01:18","modified_gmt":"2023-09-17T22:01:18","slug":"musica-lapis-dourado","status":"publish","type":"product","link":"https:\/\/music-gift.eu\/pt-pt\/product\/musica-lapis-dourado\/","title":{"rendered":"MUSICA lapis dourado"},"content":{"rendered":"<p>Nota: as gradua\u00e7\u00f5es padr\u00e3o dispon\u00edveis incluem os seguintes tipos: 6H, 5H, 4H, 3H, 2H, H, F, HB, B, 2B, 3B, 4B, 5B e 6B. Quanto maior o n\u00famero H (hard) mais claro e mais duro \u00e9 o tra\u00e7o. Por outro lado, quanto maior o n\u00famero B (black), mais preto e macio ser\u00e1 o tra\u00e7o.<\/p>\n<p>Fabricado em Portugal<\/p>\n","protected":false},"excerpt":{"rendered":"<p>L\u00e1pis quadrado, produzido com mina de grafite 2B. \u00c9 mais macio e o seu tra\u00e7o \u00e9 mais escuro e mais f\u00e1cil de apagar. O l\u00e1pis com a mina de grafite adequada para m\u00fasicos!<\/p>\n<p>Mergulh\u00e1mos este l\u00e1pis em ouro e imprimimos a palavra MUSICA nas mais diversas l\u00ednguas e o resultado: elegante e subtil<\/p>\n","protected":false},"featured_media":10199,"comment_status":"open","ping_status":"closed","template":"","meta":[],"product_cat":[279],"product_tag":[680,541,462],"aioseo_notices":[],"_links":{"self":[{"href":"https:\/\/music-gift.eu\/pt-pt\/wp-json\/wp\/v2\/product\/10171"}],"collection":[{"href":"https:\/\/music-gift.eu\/pt-pt\/wp-json\/wp\/v2\/product"}],"about":[{"href":"https:\/\/music-gift.eu\/pt-pt\/wp-json\/wp\/v2\/types\/product"}],"replies":[{"embeddable":true,"href":"https:\/\/music-gift.eu\/pt-pt\/wp-json\/wp\/v2\/comments?post=10171"}],"wp:featuredmedia":[{"embeddable":true,"href":"https:\/\/music-gift.eu\/pt-pt\/wp-json\/wp\/v2\/media\/10199"}],"wp:attachment":[{"href":"https:\/\/music-gift.eu\/pt-pt\/wp-json\/wp\/v2\/media?parent=10171"}],"wp:term":[{"taxonomy":"product_cat","embeddable":true,"href":"https:\/\/music-gift.eu\/pt-pt\/wp-json\/wp\/v2\/product_cat?post=10171"},{"taxonomy":"product_tag","embeddable":true,"href":"https:\/\/music-gift.eu\/pt-pt\/wp-json\/wp\/v2\/product_tag?post=10171"}],"curies":[{"name":"wp","href":"https:\/\/api.w.org\/{rel}","templated":true}]}}