{"id":10144,"date":"2020-03-30T22:04:10","date_gmt":"2020-03-30T21:04:10","guid":{"rendered":"https:\/\/music-gift.eu\/product\/sem%20categoria\/jazz-individual-de-mesa\/"},"modified":"2025-11-23T17:10:55","modified_gmt":"2025-11-23T16:10:55","slug":"jazz-individual-de-mesa","status":"publish","type":"product","link":"https:\/\/music-gift.eu\/pt-pt\/product\/jazz-individual-de-mesa\/","title":{"rendered":"Jazz | individual de mesa"},"content":{"rendered":"<p>100% algod\u00e3o.<\/p>\n<p>Todas as fibras naturais poder\u00e3o encolher um pouco quando lavadas pela primeira vez. No entanto, lavar os nossos tecidos de algod\u00e3o a temperaturas excessivamente quentes causar\u00e1 mais encolhimento do que o normal.<\/p>\n<p>Aten\u00e7\u00e3o: o produto pode n\u00e3o ser exactamente igual ao da foto. O tecido \u00e9 cortado de forma aleat\u00f3ria, pelo que os padr\u00f5es das pe\u00e7as ser\u00e3o todos diferentes<\/p>\n","protected":false},"excerpt":{"rendered":"<p>Adicione um toque delicado \u00e0 sua mesa com este individual de mesa em tecido Jazz<\/p>\n<p>Os ador\u00e1veis individuais de mesa, de algod\u00e3o, s\u00e3o vendidos individualmente e medem 40 cm (largura) x 30 cm (altura).<\/p>\n<p>O individual de mesa \u00e9 perfeito para transformar a sua cozinha ou mesa de jantar.<\/p>\n<p>40 x 30cm<br \/>\n100% algod\u00e3o<br \/>\nLav\u00e1vel na m\u00e1quina a 30 graus<br \/>\nN\u00e3o lavar a seco<br \/>\nFerro a temperatura m\u00e9dia<\/p>\n","protected":false},"featured_media":14893,"comment_status":"closed","ping_status":"closed","template":"","meta":[],"product_cat":[953,645,739],"product_tag":[379,678,676,381,462],"aioseo_notices":[],"_links":{"self":[{"href":"https:\/\/music-gift.eu\/pt-pt\/wp-json\/wp\/v2\/product\/10144"}],"collection":[{"href":"https:\/\/music-gift.eu\/pt-pt\/wp-json\/wp\/v2\/product"}],"about":[{"href":"https:\/\/music-gift.eu\/pt-pt\/wp-json\/wp\/v2\/types\/product"}],"replies":[{"embeddable":true,"href":"https:\/\/music-gift.eu\/pt-pt\/wp-json\/wp\/v2\/comments?post=10144"}],"wp:featuredmedia":[{"embeddable":true,"href":"https:\/\/music-gift.eu\/pt-pt\/wp-json\/wp\/v2\/media\/14893"}],"wp:attachment":[{"href":"https:\/\/music-gift.eu\/pt-pt\/wp-json\/wp\/v2\/media?parent=10144"}],"wp:term":[{"taxonomy":"product_cat","embeddable":true,"href":"https:\/\/music-gift.eu\/pt-pt\/wp-json\/wp\/v2\/product_cat?post=10144"},{"taxonomy":"product_tag","embeddable":true,"href":"https:\/\/music-gift.eu\/pt-pt\/wp-json\/wp\/v2\/product_tag?post=10144"}],"curies":[{"name":"wp","href":"https:\/\/api.w.org\/{rel}","templated":true}]}}