{"id":10141,"date":"2020-03-30T21:18:58","date_gmt":"2020-03-30T20:18:58","guid":{"rendered":"https:\/\/music-gift.eu\/product\/sem%20categoria\/jazz-corredor-de-mesa\/"},"modified":"2023-09-26T22:20:43","modified_gmt":"2023-09-26T21:20:43","slug":"jazz-corredor-de-mesa","status":"publish","type":"product","link":"https:\/\/music-gift.eu\/pt-pt\/product\/jazz-corredor-de-mesa\/","title":{"rendered":"Jazz | corredor de mesa"},"content":{"rendered":"<p>100% algod\u00e3o.<\/p>\n<p>Todas as fibras naturais poder\u00e3o encolher um pouco quando lavadas pela primeira vez.No entanto, lavar os nossos tecidos de algod\u00e3o a temperaturas excessivamente quentes causar\u00e1 mais encolhimento do que o normal.<\/p>\n<p>Aten\u00e7\u00e3o: o produto pode n\u00e3o ser exactamente igual ao da foto. O tecido \u00e9 cortado de forma aleat\u00f3ria, pelo que os padr\u00f5es das pe\u00e7as ser\u00e3o todos diferentes<\/p>\n<p>&nbsp;<\/p>\n","protected":false},"excerpt":{"rendered":"<p>Um corredor de mesa em algod\u00e3o, elegante, com a nosso tecido Jazz.<\/p>\n<p>O corredor de mesa tem 35x150cm e \u00e9 perfeito para transformar a sua cozinha ou mesa de jantar. Pode combinar com os individuais de mesa, com o mesmo padr\u00e3o, para criar uma elegante configura\u00e7\u00e3o de mesa!<br \/>\n35&#215;150 cm<br \/>\n100% algod\u00e3o<br \/>\nlav\u00e1vel na m\u00e1quina m\u00e1ximo 30 graus<br \/>\nn\u00e3o lavar a seco<br \/>\npassar a ferro com temperatura moderada<\/p>\n","protected":false},"featured_media":10327,"comment_status":"closed","ping_status":"closed","template":"","meta":[],"product_cat":[953,644,739],"product_tag":[379,676,381,462],"aioseo_notices":[],"_links":{"self":[{"href":"https:\/\/music-gift.eu\/pt-pt\/wp-json\/wp\/v2\/product\/10141"}],"collection":[{"href":"https:\/\/music-gift.eu\/pt-pt\/wp-json\/wp\/v2\/product"}],"about":[{"href":"https:\/\/music-gift.eu\/pt-pt\/wp-json\/wp\/v2\/types\/product"}],"replies":[{"embeddable":true,"href":"https:\/\/music-gift.eu\/pt-pt\/wp-json\/wp\/v2\/comments?post=10141"}],"wp:featuredmedia":[{"embeddable":true,"href":"https:\/\/music-gift.eu\/pt-pt\/wp-json\/wp\/v2\/media\/10327"}],"wp:attachment":[{"href":"https:\/\/music-gift.eu\/pt-pt\/wp-json\/wp\/v2\/media?parent=10141"}],"wp:term":[{"taxonomy":"product_cat","embeddable":true,"href":"https:\/\/music-gift.eu\/pt-pt\/wp-json\/wp\/v2\/product_cat?post=10141"},{"taxonomy":"product_tag","embeddable":true,"href":"https:\/\/music-gift.eu\/pt-pt\/wp-json\/wp\/v2\/product_tag?post=10141"}],"curies":[{"name":"wp","href":"https:\/\/api.w.org\/{rel}","templated":true}]}}