{"id":3146,"date":"2015-09-03T15:07:19","date_gmt":"2015-09-03T14:07:19","guid":{"rendered":"http:\/\/music-gift.eu\/pt-pt\/?page_id=3146"},"modified":"2018-12-19T13:07:23","modified_gmt":"2018-12-19T13:07:23","slug":"onde-posso-encontrar-os-produtos-da-music-gift","status":"publish","type":"page","link":"https:\/\/music-gift.eu\/pt-pt\/onde-posso-encontrar-os-produtos-da-music-gift\/","title":{"rendered":"Onde posso encontrar os produtos da Music Gift?"},"content":{"rendered":"<p>Por encontrar os nossos produtos na loja\u00a0<a href=\"https:\/\/music-gift.eu\/pt-pt\/loja\/\">online<\/a>\u00a0e na nossa\u00a0<a href=\"https:\/\/music-gift.eu\/pt-pt\/contactos\/\">loja em Espinho<\/a>.<\/p>\n<p>Pode igualmente encontrar os nossos produtos nas seguintes lojas:<\/p>\n\n\t\t<div class=\"tabbed-content\">\n\t\t\t\n\t\t\t<ul class=\"nav nav-line nav-vertical nav-uppercase nav-size-normal nav-left\"><li class=\"tab active has-icon\"><a href=\"#tab_portugal\"><span>Portugal<\/span><\/a><\/li>\n<li class=\"tab has-icon\"><a href=\"#tab_arm\u00e9nia\"><span>Arm\u00e9nia<\/span><\/a><\/li>\n<li class=\"tab has-icon\"><a href=\"#tab_austria\"><span>Austria<\/span><\/a><\/li>\n<li class=\"tab has-icon\"><a href=\"#tab_switzerland\"><span>Switzerland<\/span><\/a><\/li>\n<li class=\"tab has-icon\"><a href=\"#tab_poland\"><span>Poland<\/span><\/a><\/li>\n<li class=\"tab has-icon\"><a href=\"#tab_hungary\"><span>Hungary<\/span><\/a><\/li>\n<li class=\"tab has-icon\"><a href=\"#tab_italy\"><span>Italy<\/span><\/a><\/li>\n<li class=\"tab has-icon\"><a href=\"#tab_spain\"><span>Spain<\/span><\/a><\/li>\n<li class=\"tab has-icon\"><a href=\"#tab_germany\"><span>Germany<\/span><\/a><\/li>\n<li class=\"tab has-icon\"><a href=\"#tab_denmark\"><span>Denmark<\/span><\/a><\/li>\n<li class=\"tab has-icon\"><a href=\"#tab_japan\"><span>Japan<\/span><\/a><\/li>\n<li class=\"tab has-icon\"><a href=\"#tab_france\"><span>France<\/span><\/a><\/li>\n<li class=\"tab has-icon\"><a href=\"#tab_luxembourg\"><span>Luxembourg<\/span><\/a><\/li>\n<li class=\"tab has-icon\"><a href=\"#tab_australia\"><span>Australia<\/span><\/a><\/li>\n<li class=\"tab has-icon\"><a href=\"#tab_eua\"><span>EUA<\/span><\/a><\/li><\/ul><div class=\"tab-panels\"><div class=\"panel active entry-content\" id=\"tab_portugal\">\n<p>&nbsp;<\/p>\n<h4>Barcelos<\/h4>\n<p><strong>Mercado da M\u00fasica <\/strong><br \/>\nR. Dr. Santos J\u00fanior 1, 4750-332 Barcelos<\/p>\n<h4>Braga<\/h4>\n<p><strong>Sons do Cl\u00e1ssico<\/strong> | Rua Funda\u00e7\u00e3o Calouste Gulbenkian 190 | 4710-394 Braga<\/p>\n<h4>Porto<\/h4>\n<p><strong>Casa da M\u00fasica |\u00a0<\/strong>Av. da Boavista 604-610, 4149-071 Porto<\/p>\n<p><strong>Porto Guitarra |<\/strong>Largo dos L\u00f3ios, 29, Porto<\/p>\n<h4>Lisboa<\/h4>\n<p><strong>Museu da M\u00fasica |\u00a0<\/strong>R. Jo\u00e3o de Freitas Branco, 1500-359 Lisboa<\/p>\n<p><strong>Pal\u00e1cio Nacional de Mafra |\u00a0<\/strong>Terreiro D. Jo\u00e3o V, 2640 Mafra<\/p>\n<div class=\"gmail_default\"><strong>Sr. Piano |\u00a0<\/strong>Rua Jos\u00e9 Galhardo, 7-A<\/div>\n<h4>Aveiro<\/h4>\n<p><strong>Livraria da Universidade de Aveiro, Depart\u00ba M\u00fasica<\/strong><br \/>\nCampus Universit\u00e1rio de Santiago, 3810-193 Aveiro<\/p>\n<h4>Espinho<\/h4>\n<p><strong>Paleta dos Sons<\/strong><br \/>\nPct. Soeiro Pereira Gomes 76, 4500-216 Espinho<\/p>\n<\/div>\n<div class=\"panel entry-content\" id=\"tab_arm\u00e9nia\">\n<p><strong>MCF Production LLC<\/strong><br \/>\n15 Khanjyan str., ap. 19<br \/>\n0010 Yerevan, Armenia<\/p>\n<p><strong>Yamaha Showroom<\/strong><br \/>\n28 Koghbatsi str., loc. 77,<br \/>\n0002 Yerevan, Armenia<\/p>\n<\/div>\n<div class=\"panel entry-content\" id=\"tab_austria\">\n<h4><strong>Viena<\/strong><\/h4>\n<p>Mozarthaus Vienna<br \/>\nA-1010 Vienna, Domgasse 5<\/p>\n<\/div>\n<div class=\"panel entry-content\" id=\"tab_switzerland\">\n<h4>Luzern<\/h4>\n<p><strong>NotenCafe<\/strong><br \/>\nAlpenquai 4<br \/>\n6005 Luzern<\/p>\n<h4>Winterthur<\/h4>\n<p><strong>Artes Ioan Gramatic &#8211; Fine Violins<\/strong><br \/>\nMulchlingerstrasse 107<br \/>\nCH-8405\u00a0Winterthur<\/p>\n<\/div>\n<div class=\"panel entry-content\" id=\"tab_poland\">\n<h4>Pozna\u0144<\/h4>\n<p><strong>Romuald i Nell Henglewscy<\/strong><br \/>\nul. Grotkowska 17<br \/>\n60-176 Pozna\u0144<\/p>\n<\/div>\n<div class=\"panel entry-content\" id=\"tab_hungary\">\n<h4>Budapest<\/h4>\n<p><strong>Budapest Airport <\/strong><br \/>\nBudapest &amp; Music<br \/>\nBUD Nemzetk\u00f6zi Rep\u00fcl\u0151t\u00e9r<br \/>\n1675 Budapest Pf. 53.<\/p>\n<p><strong>Budapest &#8211; Opera <\/strong><br \/>\nH-1061 Budapest, Andr\u00e1ssy \u00fat 22.<\/p>\n<\/div>\n<div class=\"panel entry-content\" id=\"tab_italy\">\n<h4>Novara<\/h4>\n<p><strong>FaReLa musica <\/strong><br \/>\nCorso Garibaldi, 26-28100 Novara<\/p>\n<p><strong>Music Express <\/strong><br \/>\nCorso Nuova Italia, 185 &#8211; Santhi\u00e0<\/p>\n<p><strong>Mondomusica, Rosilde Catania<\/strong><br \/>\nVia de Roma, 24 &#8211; Novara<\/p>\n<h4>Madugno<\/h4>\n<p><strong>Wood Brass Company<\/strong><br \/>\nVia Cesare Battisti, 85 &#8211; Madugno<\/p>\n<h4>Lentini<\/h4>\n<p><span style=\"line-height: 1.5;\"><strong>DolcEdicola Tagliaverga<\/strong><br \/>\nVia Focea, 15 &#8211; Lentini<\/span><\/p>\n<h4>Udine<\/h4>\n<p><strong style=\"line-height: 1.5;\">Centro Musica Udine<\/strong><\/p>\n<p>Via Treppo 27 &#8211; 33100 UDINE UD<\/p>\n<h4>Torino<\/h4>\n<p><strong>Casa Musicale Scavino<\/strong><br \/>\nVia Ormea, 66 &#8211; 10125 TORINO<\/p>\n<h4>Roma<\/h4>\n<p><strong>La M.U.sica<\/strong><br \/>\nVia Paolo di Dono, 31<\/p>\n<p><strong>La Chiave del Violino<\/strong><br \/>\nPiazza Lazzaro Papi, 1\/B<\/p>\n<h4><\/h4>\n<h4>Bolonha<\/h4>\n<p><strong>Beethoven Haus<\/strong><br \/>\nVia Mazzini, 12 &#8211; Torino<br \/>\nVia Carlo Porta, 8<\/p>\n<p><strong>Bongiovani<\/strong><br \/>\nvia Ugo Bassi 31\/f<br \/>\n40121 Bologna (Bo)<br \/>\nItalia<\/p>\n<p><strong>Bruno Stefanini Luitaio <\/strong><br \/>\nVia delle Belle Arti 9\/B<br \/>\nBologna<br \/>\nItaly<\/p>\n<h4>Padova<\/h4>\n<p>Armelin Musica<br \/>\nVia dei Soncin, 42<\/p>\n<\/div>\n<div class=\"panel entry-content\" id=\"tab_spain\">\n<h4><strong>Barcelona<\/strong><\/h4>\n<p>Audenis<br \/>\nCarrer de Val\u00e8ncia, 316 | 08009 Barcelona<\/p>\n<h4><strong>Valencia<\/strong><\/h4>\n<p>Amadeus Libreria musical<br \/>\nCarrer de Gandia, 4, 46007 Val\u00e8ncia<\/p>\n<h4><strong>Madrid<\/strong><\/h4>\n<p>Ideam\u00fasica Editores, Sl<strong><br \/>\n<\/strong>c\/ Cerrajeros, 4<br \/>\n28670 Villaviciosa de Od\u00f3n MADRID<\/p>\n<p>Todopartitura<br \/>\nC\/ Londres 31-E \u2013 Pol\u00edgono Europolis | 28232 LAS ROZAS- MADRID<\/p>\n<p>Tienda Hazen Madrid A-6<br \/>\nCarretera de La Coru\u00f1a (A-6), Km 17,200 &#8211; Las Rozas, 28231 Madrid<\/p>\n<p>Tienda Hazen Madrid \u00d3pera<br \/>\nCalle Arrieta, 8 | 28013 Madrid<\/p>\n<h4><strong>Pontevedra<\/strong><\/h4>\n<p>JL Musica<br \/>\nC\/ Casal Aboy 21 B Derecha, 36700 Tui, Pontevedra<\/p>\n<h4><strong>Palma de Maiorca<\/strong><\/h4>\n<p>Casa Marti<br \/>\nCarrer de la Reina Esclarmunda, 5, 07003 Palma, Illes Balears,<\/p>\n<h4><strong>Santiago de Compostela<\/strong><\/h4>\n<p>O Pazo das Musas<br \/>\nR\u00faa Nova, n\u00ba 8-10 | 15705 Santiago de Compostela<\/p>\n<h4><strong>Oviedo<\/strong><\/h4>\n<p>Galeria Musical Ar\u00e9valo<br \/>\nC\/Marqu\u00e9s de Santa Cruz, 3, Oviedo<\/p>\n<h4><strong>Lleida<\/strong><\/h4>\n<div class=\"gmail_default\">Sol Major<\/div>\n<div class=\"gmail_default\">Plaza Mayor, 12 &#8211; \u00a0Cervera<\/div>\n<p>&nbsp;<\/p>\n<p>&nbsp;<\/p>\n<\/div>\n<div class=\"panel entry-content\" id=\"tab_germany\">\n<h4>G\u00fctersloh<\/h4>\n<p><strong>Musikgalerie am Dreiecksplatz<br \/>\n<\/strong>K\u00f6nigstra\u00dfe 25<br \/>\n33330 G\u00fctersloh<\/p>\n<h4>Karlsruhe<\/h4>\n<p><strong>Musikhaus Schlaile<\/strong><br \/>\nMusikhaus Schlaile GmbH<br \/>\nKaiserstr. 175, Karlsruhe<\/p>\n<h4>Berlin<\/h4>\n<p><strong>Musik Cantus Riedel<br \/>\n<\/strong>Zwg.-Ndlg. MGS Loib GmbH<br \/>\nUhlandstr. 42<br \/>\n10719 Berlin<\/p>\n<h4>Stuttgart<\/h4>\n<p><strong>Paganino<\/strong><br \/>\nJulius-H\u00f6lder-Str. 29c<br \/>\n70597 Stuttgart<br \/>\nDeutschland<\/p>\n<h4>Frankfurt<\/h4>\n<p><strong>Grahl &amp; Nicklas <\/strong><br \/>\nGwinnerstra\u00dfe 13, 60388 Frankfurt am Main, Germany<\/p>\n<h4>Filderstadt<\/h4>\n<p><strong>Briem Klaviere <\/strong><br \/>\nT\u00fcbinger Stra\u00dfe 16-18<br \/>\n70794 Filderstadt-Bernhausen<\/p>\n<\/div>\n<div class=\"panel entry-content\" id=\"tab_denmark\">\n<h4>Esbjerg<\/h4>\n<p><strong>Nordek<\/strong><br \/>\nStormgade 48, 6700 Esbjerg<\/p>\n<\/div>\n<div class=\"panel entry-content\" id=\"tab_japan\">\n<h4>Tokyo<\/h4>\n<p><strong>Maxart &#8211; New National Theater<\/strong><br \/>\n1-1-1, Hon-machi, Shibuya-ku, Tokyo 151-0071 JAPAN<\/p>\n<\/div>\n<div class=\"panel entry-content\" id=\"tab_france\">\n<p><strong>Di-Arezzo &#8211;\u00a0<\/strong><a href=\"http:\/\/www.di-arezzo.fr\/\" target=\"_blank\" rel=\"noopener\">http:\/\/www.di-arezzo.fr\/<\/a><\/p>\n<p><strong>Anne Fuzeau Productions &#8211;\u00a0<\/strong><a href=\"http:\/\/www.editions-classique.com\/\" target=\"_blank\" rel=\"noopener\">http:\/\/www.editions-classique.<wbr \/>com\/<\/a><\/p>\n<h4>Gi\u00e8res<\/h4>\n<p><strong>Benoit Bertet Musique<\/strong><br \/>\n1 bis avenue Esclangon<br \/>\n38610 Gi\u00e8res<\/p>\n<h4>Paris<\/h4>\n<p><strong>Baeur Musique <\/strong><br \/>\n2 Place Sainte Croix 45000 Orl\u00e9ans<\/p>\n<p><strong>Forum Harmonia Mundi HM-Cit\u00e9 de la Musique<\/strong><br \/>\n221, Avenue Jean Jaur\u00e8s, 75019 Paris<\/p>\n<p><strong>Woodbrass.com<\/strong><br \/>\n7 av. du Nouveau Conservatoire 75019 Paris<\/p>\n<div class=\"gmail_default\"><strong>La Flute de Pan<\/strong><\/div>\n<div class=\"gmail_default\">49 Rue de Rome<\/div>\n<div class=\"gmail_default\"><\/div>\n<div class=\"gmail_default\"><strong>Paul Beuscher<\/strong><\/div>\n<div class=\"gmail_default\">\n<div class=\"gmail_default\">25, Blvd Beaucmarchais<\/div>\n<div class=\"gmail_default\"><\/div>\n<\/div>\n<div class=\"gmail_default\"><strong>Boulogne Musique<\/strong><\/div>\n<div class=\"gmail_default\">\n<div class=\"gmail_default\">103 Bdv Jean Jaures, Boulogne Billancourt<\/div>\n<\/div>\n<h4>Douai<\/h4>\n<p><strong>Aux Mille et une Partitions<br \/>\n<\/strong><br \/>\n42 rue de la Massue 59500 DOUAI<\/p>\n<h4>Marseille<\/h4>\n<div class=\"gmail_default\"><strong>LMI<\/strong><\/div>\n<div class=\"gmail_default\">\n<div class=\"gmail_default\">2 Rue des Trois Mages &#8211;\u00a0<span style=\"font-size: 14.4px; line-height: 1.5;\">Lyon<\/span><\/div>\n<div class=\"gmail_default\">\n<div><\/div>\n<div class=\"gmail_default\"><strong>A Cappella<\/strong><\/div>\n<div class=\"gmail_default\">3, Quai Jean Moulin<\/div>\n<div class=\"gmail_default\"><\/div>\n<div class=\"gmail_default\"><strong>Bellecour<\/strong><\/div>\n<div class=\"gmail_default\">\n<div class=\"gmail_default\">3, Place Bellecour<\/div>\n<\/div>\n<\/div>\n<\/div>\n<div class=\"gmail_default\"><\/div>\n<div class=\"gmail_default\">\n<div class=\"gmail_default\"><strong>Rouen<\/strong><\/div>\n<div class=\"gmail_default\"><\/div>\n<\/div>\n<div class=\"gmail_default\"><strong>Damamme<\/strong><\/div>\n<div class=\"gmail_default\">3, Rue Grand Pont<\/div>\n<div class=\"gmail_default\"><\/div>\n<div class=\"gmail_default\">\n<div class=\"gmail_default\">\n<div class=\"gmail_default\"><strong>Angouleme<\/strong><\/div>\n<div class=\"gmail_default\"><\/div>\n<\/div>\n<\/div>\n<div class=\"gmail_default\">\n<div class=\"gmail_default\"><strong>Thevenet<\/strong><\/div>\n<div class=\"gmail_default\">\n<div class=\"gmail_default\">13 Rue d&#8217;Aguesseau<\/div>\n<\/div>\n<\/div>\n<div class=\"gmail_default\"><\/div>\n<div class=\"gmail_default\">\n<div class=\"gmail_default\"><strong>Vincennes<\/strong><\/div>\n<div class=\"gmail_default\"><\/div>\n<\/div>\n<div class=\"gmail_default\">\n<div class=\"gmail_default\">\n<div class=\"gmail_default\"><strong>E-Larghetto<\/strong><\/div>\n<div class=\"gmail_default\">\n<div class=\"gmail_default\">84, Rue Raymond du Temple<\/div>\n<\/div>\n<\/div>\n<\/div>\n<\/div>\n<div class=\"panel entry-content\" id=\"tab_luxembourg\">\n<p><strong>Music and Tools<\/strong><br \/>\n2, Rue Michel Welter<\/p>\n<\/div>\n<div class=\"panel entry-content\" id=\"tab_australia\">\n<p><strong>Tempest Music<\/strong><br \/>\n56 Ley St &#8211; Como WA 6152<\/p>\n<\/div>\n<div class=\"panel entry-content\" id=\"tab_eua\">\n<h4>Pacific Grove<\/h4>\n<p><strong>Bookmark Music<\/strong><br \/>\n307 Forest Avenue<br \/>\nPacific Grove, CA 93950<\/p>\n<\/div><\/div><\/div>\n","protected":false},"excerpt":{"rendered":"<p>Por encontrar os nossos produtos na loja\u00a0online\u00a0e na nossa\u00a0loja em Espinho. Pode igualmente encontrar os nossos produtos nas seguintes lojas:<\/p>\n","protected":false},"author":1,"featured_media":0,"parent":0,"menu_order":0,"comment_status":"closed","ping_status":"closed","template":"page-right-sidebar.php","meta":[],"aioseo_notices":[],"_links":{"self":[{"href":"https:\/\/music-gift.eu\/pt-pt\/wp-json\/wp\/v2\/pages\/3146"}],"collection":[{"href":"https:\/\/music-gift.eu\/pt-pt\/wp-json\/wp\/v2\/pages"}],"about":[{"href":"https:\/\/music-gift.eu\/pt-pt\/wp-json\/wp\/v2\/types\/page"}],"author":[{"embeddable":true,"href":"https:\/\/music-gift.eu\/pt-pt\/wp-json\/wp\/v2\/users\/1"}],"replies":[{"embeddable":true,"href":"https:\/\/music-gift.eu\/pt-pt\/wp-json\/wp\/v2\/comments?post=3146"}],"version-history":[{"count":0,"href":"https:\/\/music-gift.eu\/pt-pt\/wp-json\/wp\/v2\/pages\/3146\/revisions"}],"wp:attachment":[{"href":"https:\/\/music-gift.eu\/pt-pt\/wp-json\/wp\/v2\/media?parent=3146"}],"curies":[{"name":"wp","href":"https:\/\/api.w.org\/{rel}","templated":true}]}}