{"id":3140,"date":"2013-08-11T20:13:42","date_gmt":"2013-08-11T19:13:42","guid":{"rendered":"http:\/\/music-gift.eu\/pt-pt\/?page_id=3140"},"modified":"2024-01-17T18:56:48","modified_gmt":"2024-01-17T17:56:48","slug":"faq","status":"publish","type":"page","link":"https:\/\/music-gift.eu\/pt-pt\/faq\/","title":{"rendered":"FAQ"},"content":{"rendered":"<div class=\"accordion\" rel=\"\">\r\n\r\n<div class=\"accordion-item\"><a href=\"#\" class=\"accordion-title plain\"><button class=\"toggle\" aria-label=\"Toggle\"><i class=\"icon-angle-down\"><\/i><\/button><span>Posso reservar um produto para comprar mais tarde?<\/span><\/a><div class=\"accordion-inner\">\r\n\r\nDe momento n\u00e3o oferecemos o servi\u00e7o de reserva no nosso site. No entanto\u00a0 pode adicionar o produto \u00e0 sua lista de desejos privada, clicando no \u00edcone de cora\u00e7\u00e3o.\r\n\r\n<\/div><\/div>\r\n\r\n<div class=\"accordion-item\"><a href=\"#\" class=\"accordion-title plain\"><button class=\"toggle\" aria-label=\"Toggle\"><i class=\"icon-angle-down\"><\/i><\/button><span>Como saberei que meu pedido foi recebido?<\/span><\/a><div class=\"accordion-inner\">\r\n\r\nAp\u00f3s a compra ser efetuada voc\u00ea receber\u00e1 um e-mail de confirma\u00e7\u00e3o. Isso n\u00e3o significa que o seu pedido foi enviado. O seu pedido ser\u00e1 aceite e enviado assim que o pagamento esteja confirmado. Enviaremos um e-mail assim que o pedido for processado.\r\n\r\n<\/div><\/div>\r\n\r\n<div class=\"accordion-item\"><a href=\"#\" class=\"accordion-title plain\"><button class=\"toggle\" aria-label=\"Toggle\"><i class=\"icon-angle-down\"><\/i><\/button><span>Qual o pre\u00e7o do transporte que ser\u00e1 cobrado?<\/span><\/a><div class=\"accordion-inner\">\r\n\r\nOs custos de envio s\u00e3o calculados com base no tamanho, peso e destino da sua encomenda.\r\nDe tempos em tempos oferecemos taxas promocionais de envio. Para obter detalhes sobre essas tarifas, consulte os banners promocionais e newsletters.\r\nClique aqui e confira nossas taxas de <a href=\"\/?page_id=3142\">envio<\/a>.\r\n\r\n<\/div><\/div>\r\n\r\n<div class=\"accordion-item\"><a href=\"#\" class=\"accordion-title plain\"><button class=\"toggle\" aria-label=\"Toggle\"><i class=\"icon-angle-down\"><\/i><\/button><span>Que m\u00e9todos de pagamento s\u00e3o aceites na loja online?<\/span><\/a><div class=\"accordion-inner\">\r\n\r\nSe est\u00e1 em Portugal pode usar Mbway, Paypal ou transferencia banc\u00e1ria.\r\n\r\nSe est\u00e1 no estrangeiro pode usar paypal ou transferencia banc\u00e1ria\r\n\r\n<\/div><\/div>\r\n\r\n<div class=\"accordion-item\"><a href=\"#\" class=\"accordion-title plain\"><button class=\"toggle\" aria-label=\"Toggle\"><i class=\"icon-angle-down\"><\/i><\/button><span>O pagamento pode ser feito em outra moeda que n\u00e3o o euro?<\/span><\/a><div class=\"accordion-inner\">\r\n\r\nDe momento, s\u00f3 pode adquirir produtos da MUSIC GIFT com pagamento em Euros. No entanto, voc\u00ea pode usar o PayPal.\r\n\r\n<\/div><\/div>\r\n\r\n<div class=\"accordion-item\"><a href=\"#\" class=\"accordion-title plain\"><button class=\"toggle\" aria-label=\"Toggle\"><i class=\"icon-angle-down\"><\/i><\/button><span>Ser\u00e1 emitida uma fatura juntamente com a minha encomenda?<\/span><\/a><div class=\"accordion-inner\">\r\n\r\nSim. Todas as encomendas s\u00e3o enviadas com uma factura\r\n\r\n<\/div><\/div>\r\n\r\n<div class=\"accordion-item\"><a href=\"#\" class=\"accordion-title plain\"><button class=\"toggle\" aria-label=\"Toggle\"><i class=\"icon-angle-down\"><\/i><\/button><span>Quanto tempo levar\u00e1 at\u00e9 eu receber meu pedido?<\/span><\/a><div class=\"accordion-inner\">\r\n\r\nAssim que os seus dados de pagamento forem verificados e aprovados, enviaremos o seu pedido com o servi\u00e7o que voc\u00ea selecionou.\r\nVoc\u00ea pode acompanhar seu pedido <a href=\"\/?page_id=3145\">aqui.<\/a>\r\n\r\n<\/div><\/div>\r\n\r\n<div class=\"accordion-item\"><a href=\"#\" class=\"accordion-title plain\"><button class=\"toggle\" aria-label=\"Toggle\"><i class=\"icon-angle-down\"><\/i><\/button><span>As minhas informa\u00e7\u00f5es pessoais ser\u00e3o mantidas em sigilo?<\/span><\/a><div class=\"accordion-inner\">\r\n\r\nGarantimos que todos os dados pessoais ser\u00e3o mantidos privados e confidenciais e que nunca divulgaremos nenhuma das suas informa\u00e7\u00f5es sem a sua autoriza\u00e7\u00e3o.\r\n<div class=\"accordion-item\"><a href=\"#\" class=\"accordion-title plain\"><button class=\"toggle\" aria-label=\"Toggle\"><i class=\"icon-angle-down\"><\/i><\/button><span>DEVOLU\u00c7\u00d5ES<\/span><\/a><div class=\"accordion-inner\"><\/div><\/div>\r\n\r\nPor favor envie um email para info@music-gift.eu se tiver algum problema com a sua encomenda.\r\n\r\n<\/div><\/div>\r\n\r\n<div class=\"accordion-item\"><a href=\"#\" class=\"accordion-title plain\"><button class=\"toggle\" aria-label=\"Toggle\"><i class=\"icon-angle-down\"><\/i><\/button><span>Qual \u00e9 a nossa politica de cancelamento<\/span><\/a><div class=\"accordion-inner\">\r\n\r\nPode ler a nossa pol\u00edtica de cancelamento do seguinte <a href=\"\/?page_id=6173\">link\u00a0<\/a>\r\n\r\n<\/div><\/div>\r\n\r\n<div class=\"accordion-item\"><a href=\"#\" class=\"accordion-title plain\"><button class=\"toggle\" aria-label=\"Toggle\"><i class=\"icon-angle-down\"><\/i><\/button><span>Custo das chamadas telefonicas<\/span><\/a><div class=\"accordion-inner\">\r\n\r\ncusto das chamadas telef\u00f3nicas - chamadas efectuadas para o numero +351 227313336 s\u00e3o para a rede fixa nacional (portuguesa)\r\n\r\n<\/div><\/div>\r\n\r\n<\/div>\n","protected":false},"excerpt":{"rendered":"","protected":false},"author":2,"featured_media":0,"parent":0,"menu_order":0,"comment_status":"closed","ping_status":"closed","template":"","meta":[],"aioseo_notices":[],"_links":{"self":[{"href":"https:\/\/music-gift.eu\/pt-pt\/wp-json\/wp\/v2\/pages\/3140"}],"collection":[{"href":"https:\/\/music-gift.eu\/pt-pt\/wp-json\/wp\/v2\/pages"}],"about":[{"href":"https:\/\/music-gift.eu\/pt-pt\/wp-json\/wp\/v2\/types\/page"}],"author":[{"embeddable":true,"href":"https:\/\/music-gift.eu\/pt-pt\/wp-json\/wp\/v2\/users\/2"}],"replies":[{"embeddable":true,"href":"https:\/\/music-gift.eu\/pt-pt\/wp-json\/wp\/v2\/comments?post=3140"}],"version-history":[{"count":2,"href":"https:\/\/music-gift.eu\/pt-pt\/wp-json\/wp\/v2\/pages\/3140\/revisions"}],"predecessor-version":[{"id":14610,"href":"https:\/\/music-gift.eu\/pt-pt\/wp-json\/wp\/v2\/pages\/3140\/revisions\/14610"}],"wp:attachment":[{"href":"https:\/\/music-gift.eu\/pt-pt\/wp-json\/wp\/v2\/media?parent=3140"}],"curies":[{"name":"wp","href":"https:\/\/api.w.org\/{rel}","templated":true}]}}