{"id":3135,"date":"2013-08-11T19:22:53","date_gmt":"2013-08-11T18:22:53","guid":{"rendered":"http:\/\/music-gift.eu\/pt-pt\/?page_id=3135"},"modified":"2024-01-04T11:58:22","modified_gmt":"2024-01-04T10:58:22","slug":"contactos","status":"publish","type":"page","link":"https:\/\/music-gift.eu\/pt-pt\/contactos\/","title":{"rendered":"Contactos"},"content":{"rendered":"\n\t<script type=\"text\/javascript\">\n  jQuery( document ).ready(function() {\n    function initialize() {\n        var styles = {\n            'flatsome':  [{\n            \"featureType\": \"administrative\",\n            \"stylers\": [\n              { \"visibility\": \"on\" }\n            ]\n          },\n          {\n            \"featureType\": \"road\",\n            \"stylers\": [\n              { \"visibility\": \"on\" },\n              { \"hue\": \"#af6a31\" }\n            ]\n          },\n          {\n            \"stylers\": [\n\t\t\t  { \"visibility\": \"on\" },\n\t\t\t  { \"hue\": \"#af6a31\" },\n\t\t\t  { \"saturation\": -30 }\n            ]\n          }\n        ]};\n\n        var myLatlng = new google.maps.LatLng(41.0051794, -8.6325876);\n        var myOptions = {\n            zoom: 17,\n            center: myLatlng,\n            mapTypeId: google.maps.MapTypeId.ROADMAP,\n            disableDefaultUI: true,\n            mapTypeId: 'flatsome',\n            draggable: true,\n            zoomControl: false,\n            zoomControlOptions: {\n              position: google.maps.ControlPosition.TOP_LEFT\n            },\n      \t\t\t\/\/ panControl: false,\n            \/\/ panControlOptions: {\n            \/\/   position: google.maps.ControlPosition.TOP_LEFT\n            \/\/ },\n      \t\t\tmapTypeControl: false,\n            mapTypeControlOptions: {\n              position: google.maps.ControlPosition.TOP_LEFT\n            },\n      \t\t\t\/\/ scaleControl: false,\n            \/\/ scaleControlOptions: {\n            \/\/   position: google.maps.ControlPosition.TOP_LEFT\n            \/\/ },\n      \t\t\tstreetViewControl: false,\n            streetViewControlOptions: {\n              position: google.maps.ControlPosition.TOP_LEFT\n            },\n      \t\t\t\/\/ overviewMapControl: false,\n            \/\/ overviewMapControlOptions: {\n            \/\/   position: google.maps.ControlPosition.TOP_LEFT\n            \/\/ },\n            scrollwheel: false,\n            disableDoubleClickZoom: true\n        }\n        var map = new google.maps.Map(document.getElementById(\"map-3669441533-inner\"), myOptions);\n        var styledMapType = new google.maps.StyledMapType(styles['flatsome'], {name: 'flatsome'});\n        map.mapTypes.set('flatsome', styledMapType);\n\n        var marker = new google.maps.Marker({\n            position: myLatlng,\n            map: map,\n            title:\"\"\n        });\n    }\n\n    \/\/ Required to proceed\n    if (!(typeof google === 'object' && typeof google.maps === 'object')) {\n      return\n    }\n\n    initialize()\n    google.maps.event.addDomListener(window, 'resize', initialize);\n    });\n    <\/script>\n\n    <div class=\"google-map relative mb\" id=\"map-3669441533\">\n        <div class=\"map-height\" id=\"map-3669441533-inner\"><\/div>\n        <div id=\"map_overlay_top\"><\/div>\n        <div id=\"map_overlay_bottom\"><\/div>\n         \n       \n<style>\n#map-3669441533 .map-inner {\n  background-color: #fff;\n  max-width: 30%;\n}\n#map-3669441533 .map-height {\n  height: 400px;\n}\n<\/style>\n    <\/div>\n\n\t\n<div class=\"row\"  id=\"row-856323501\">\n\n\t<div id=\"col-1415783764\" class=\"col medium-6 large-6\"  >\n\t\t\t\t<div class=\"col-inner\"  >\n\t\t\t\n\t\t\t\n<div class=\"container section-title-container\" ><h3 class=\"section-title section-title-normal\"><b><\/b><span class=\"section-title-main\" >Frequently Asked Questions<\/span><b><\/b><\/h3><\/div>\n<p class=\"lead\">Please read our FAQ<\/p>\n<div class=\"accordion\" rel=\"\">\r\n\r\n<div class=\"accordion-item\"><a href=\"#\" class=\"accordion-title plain\"><button class=\"toggle\" aria-label=\"Toggle\"><i class=\"icon-angle-down\"><\/i><\/button><span>Posso reservar um produto para comprar mais tarde?<\/span><\/a><div class=\"accordion-inner\">\r\n\r\nDe momento n\u00e3o oferecemos o servi\u00e7o de reserva no nosso site. No entanto\u00a0 pode adicionar o produto \u00e0 sua lista de desejos privada, clicando no \u00edcone de cora\u00e7\u00e3o.\r\n\r\n<\/div><\/div>\r\n\r\n<div class=\"accordion-item\"><a href=\"#\" class=\"accordion-title plain\"><button class=\"toggle\" aria-label=\"Toggle\"><i class=\"icon-angle-down\"><\/i><\/button><span>Como saberei que meu pedido foi recebido?<\/span><\/a><div class=\"accordion-inner\">\r\n\r\nAp\u00f3s a compra ser efetuada voc\u00ea receber\u00e1 um e-mail de confirma\u00e7\u00e3o. Isso n\u00e3o significa que o seu pedido foi enviado. O seu pedido ser\u00e1 aceite e enviado assim que o pagamento esteja confirmado. Enviaremos um e-mail assim que o pedido for processado.\r\n\r\n<\/div><\/div>\r\n\r\n<div class=\"accordion-item\"><a href=\"#\" class=\"accordion-title plain\"><button class=\"toggle\" aria-label=\"Toggle\"><i class=\"icon-angle-down\"><\/i><\/button><span>Qual o pre\u00e7o do transporte que ser\u00e1 cobrado?<\/span><\/a><div class=\"accordion-inner\">\r\n\r\nOs custos de envio s\u00e3o calculados com base no tamanho, peso e destino da sua encomenda.\r\nDe tempos em tempos oferecemos taxas promocionais de envio. Para obter detalhes sobre essas tarifas, consulte os banners promocionais e newsletters.\r\nClique aqui e confira nossas taxas de <a href=\"\/?page_id=3142\">envio<\/a>.\r\n\r\n<\/div><\/div>\r\n\r\n<div class=\"accordion-item\"><a href=\"#\" class=\"accordion-title plain\"><button class=\"toggle\" aria-label=\"Toggle\"><i class=\"icon-angle-down\"><\/i><\/button><span>Que m\u00e9todos de pagamento s\u00e3o aceites na loja online?<\/span><\/a><div class=\"accordion-inner\">\r\n\r\nSe est\u00e1 em Portugal pode usar Mbway, Paypal ou transferencia banc\u00e1ria.\r\n\r\nSe est\u00e1 no estrangeiro pode usar paypal ou transferencia banc\u00e1ria\r\n\r\n<\/div><\/div>\r\n\r\n<div class=\"accordion-item\"><a href=\"#\" class=\"accordion-title plain\"><button class=\"toggle\" aria-label=\"Toggle\"><i class=\"icon-angle-down\"><\/i><\/button><span>O pagamento pode ser feito em outra moeda que n\u00e3o o euro?<\/span><\/a><div class=\"accordion-inner\">\r\n\r\nDe momento, s\u00f3 pode adquirir produtos da MUSIC GIFT com pagamento em Euros. No entanto, voc\u00ea pode usar o PayPal.\r\n\r\n<\/div><\/div>\r\n\r\n<div class=\"accordion-item\"><a href=\"#\" class=\"accordion-title plain\"><button class=\"toggle\" aria-label=\"Toggle\"><i class=\"icon-angle-down\"><\/i><\/button><span>Ser\u00e1 emitida uma fatura juntamente com a minha encomenda?<\/span><\/a><div class=\"accordion-inner\">\r\n\r\nSim. Todas as encomendas s\u00e3o enviadas com uma factura\r\n\r\n<\/div><\/div>\r\n\r\n<div class=\"accordion-item\"><a href=\"#\" class=\"accordion-title plain\"><button class=\"toggle\" aria-label=\"Toggle\"><i class=\"icon-angle-down\"><\/i><\/button><span>Quanto tempo levar\u00e1 at\u00e9 eu receber meu pedido?<\/span><\/a><div class=\"accordion-inner\">\r\n\r\nAssim que os seus dados de pagamento forem verificados e aprovados, enviaremos o seu pedido com o servi\u00e7o que voc\u00ea selecionou.\r\nVoc\u00ea pode acompanhar seu pedido <a href=\"\/?page_id=3145\">aqui.<\/a>\r\n\r\n<\/div><\/div>\r\n\r\n<div class=\"accordion-item\"><a href=\"#\" class=\"accordion-title plain\"><button class=\"toggle\" aria-label=\"Toggle\"><i class=\"icon-angle-down\"><\/i><\/button><span>As minhas informa\u00e7\u00f5es pessoais ser\u00e3o mantidas em sigilo?<\/span><\/a><div class=\"accordion-inner\">\r\n\r\nGarantimos que todos os dados pessoais ser\u00e3o mantidos privados e confidenciais e que nunca divulgaremos nenhuma das suas informa\u00e7\u00f5es sem a sua autoriza\u00e7\u00e3o.\r\n<div class=\"accordion-item\"><a href=\"#\" class=\"accordion-title plain\"><button class=\"toggle\" aria-label=\"Toggle\"><i class=\"icon-angle-down\"><\/i><\/button><span>DEVOLU\u00c7\u00d5ES<\/span><\/a><div class=\"accordion-inner\"><\/div><\/div>\r\n\r\nPor favor envie um email para info@music-gift.eu se tiver algum problema com a sua encomenda.\r\n\r\n<\/div><\/div>\r\n\r\n<div class=\"accordion-item\"><a href=\"#\" class=\"accordion-title plain\"><button class=\"toggle\" aria-label=\"Toggle\"><i class=\"icon-angle-down\"><\/i><\/button><span>Qual \u00e9 a nossa politica de cancelamento<\/span><\/a><div class=\"accordion-inner\">\r\n\r\nPode ler a nossa pol\u00edtica de cancelamento do seguinte <a href=\"\/?page_id=6173\">link\u00a0<\/a>\r\n\r\n<\/div><\/div>\r\n\r\n<div class=\"accordion-item\"><a href=\"#\" class=\"accordion-title plain\"><button class=\"toggle\" aria-label=\"Toggle\"><i class=\"icon-angle-down\"><\/i><\/button><span>Custo das chamadas telefonicas<\/span><\/a><div class=\"accordion-inner\">\r\n\r\ncusto das chamadas telef\u00f3nicas - chamadas efectuadas para o numero +351 227313336 s\u00e3o para a rede fixa nacional (portuguesa)\r\n\r\n<\/div><\/div>\r\n\r\n<\/div>\n\t\t<\/div>\n\t\t\t\t\t<\/div>\n\n\t\n\n\t<div id=\"col-663921796\" class=\"col medium-6 large-6\"  >\n\t\t\t\t<div class=\"col-inner\"  >\n\t\t\t\n\t\t\t\n<div class=\"container section-title-container\" ><h3 class=\"section-title section-title-normal\"><b><\/b><span class=\"section-title-main\" >Contacts<\/span><b><\/b><\/h3><\/div>\n<p><strong>Phone<\/strong>: +351 227 313 336 (rede fixa nacional)<\/p>\n<p><strong>E-mail:<\/strong> info@music-gift.eu<br \/>\n<strong>Address:<\/strong> Praceta Soeiro Pereira Gomes, 76<\/p>\n<p>4500-216 Espinho | Portugal<\/p>\n<div class=\"container section-title-container\" ><h3 class=\"section-title section-title-normal\"><b><\/b><span class=\"section-title-main\" >Send us an email<\/span><b><\/b><\/h3><\/div>\n<noscript class=\"ninja-forms-noscript-message\">\n\tAviso: Este conte\u00fado necessita do JavaScript.<\/noscript>\nNenhum campo encontrado.<div id=\"nf-form-1-cont\" class=\"nf-form-cont\" aria-live=\"polite\" aria-labelledby=\"nf-form-title-1\" aria-describedby=\"nf-form-errors-1\" role=\"form\">\n\n    <div class=\"nf-loading-spinner\"><\/div>\n\n<\/div>\n        <!-- That data is being printed as a workaround to page builders reordering the order of the scripts loaded-->\n        <script>var formDisplay=1;var nfForms=nfForms||[];var form=[];form.id='1';form.settings={\"ninjaForms\":\"Ninja Forms\",\"changeEmailErrorMsg\":\"Introduza um endere\\u00e7o de correio eletr\\u00f3nico v\\u00e1lido!\",\"changeDateErrorMsg\":\"Please enter a valid date!\",\"confirmFieldErrorMsg\":\"Estes campos n\\u00e3o coincidem!\",\"fieldNumberNumMinError\":\"Erro de n\\u00famero m\\u00ednimo\",\"fieldNumberNumMaxError\":\"Erro de n\\u00famero m\\u00e1ximo\",\"fieldNumberIncrementBy\":\"Aumente em \",\"fieldTextareaRTEInsertLink\":\"Inserir hiperliga\\u00e7\\u00e3o\",\"fieldTextareaRTEInsertMedia\":\"Inserir multim\\u00e9dia\",\"fieldTextareaRTESelectAFile\":\"Selecione um ficheiro\",\"formErrorsCorrectErrors\":\"Corrija os erros antes de submeter este formul\\u00e1rio.\",\"formHoneypot\":\"Se for humano e estiver a ver este campo, deixe-o em branco.\",\"validateRequiredField\":\"Este campo \\u00e9 obrigat\\u00f3rio.\",\"honeypotHoneypotError\":\"Erro do pote de mel\",\"fileUploadOldCodeFileUploadInProgress\":\"Carregamento do ficheiro em curso.\",\"fileUploadOldCodeFileUpload\":\"CARREGAMENTO DO FICHEIRO\",\"currencySymbol\":\"\\u20ac\",\"fieldsMarkedRequired\":\"Os campos assinalados com um <span class=\\\"ninja-forms-req-symbol\\\">*<\\\/span> s\\u00e3o obrigat\\u00f3rios\",\"thousands_sep\":\".\",\"decimal_point\":\",\",\"siteLocale\":\"pt_PT\",\"dateFormat\":\"d\\\/m\\\/Y\",\"startOfWeek\":\"1\",\"of\":\"de\",\"previousMonth\":\"Previous Month\",\"nextMonth\":\"Next Month\",\"months\":[\"January\",\"February\",\"March\",\"April\",\"May\",\"June\",\"July\",\"August\",\"September\",\"October\",\"November\",\"December\"],\"monthsShort\":[\"Jan\",\"Feb\",\"Mar\",\"Apr\",\"May\",\"Jun\",\"Jul\",\"Aug\",\"Sep\",\"Oct\",\"Nov\",\"Dec\"],\"weekdays\":[\"Sunday\",\"Monday\",\"Tuesday\",\"Wednesday\",\"Thursday\",\"Friday\",\"Saturday\"],\"weekdaysShort\":[\"Sun\",\"Mon\",\"Tue\",\"Wed\",\"Thu\",\"Fri\",\"Sat\"],\"weekdaysMin\":[\"Su\",\"Mo\",\"Tu\",\"We\",\"Th\",\"Fr\",\"Sa\"],\"recaptchaConsentMissing\":\"reCaptcha validation couldn&#039;t load.\",\"recaptchaMissingCookie\":\"reCaptcha v3 validation couldn&#039;t load the cookie needed to submit the form.\",\"recaptchaConsentEvent\":\"Accept reCaptcha cookies before sending the form.\",\"embed_form\":\"\",\"currency_symbol\":\"\",\"title\":\"\",\"beforeForm\":\"\",\"beforeFields\":\"\",\"afterFields\":\"\",\"afterForm\":\"\"};form.fields=[];nfForms.push(form);<\/script>\n        \n\t\t<\/div>\n\t\t\t\t\t<\/div>\n\n\t\n<\/div>\n","protected":false},"excerpt":{"rendered":"","protected":false},"author":2,"featured_media":0,"parent":0,"menu_order":0,"comment_status":"closed","ping_status":"closed","template":"page-blank.php","meta":[],"aioseo_notices":[],"_links":{"self":[{"href":"https:\/\/music-gift.eu\/pt-pt\/wp-json\/wp\/v2\/pages\/3135"}],"collection":[{"href":"https:\/\/music-gift.eu\/pt-pt\/wp-json\/wp\/v2\/pages"}],"about":[{"href":"https:\/\/music-gift.eu\/pt-pt\/wp-json\/wp\/v2\/types\/page"}],"author":[{"embeddable":true,"href":"https:\/\/music-gift.eu\/pt-pt\/wp-json\/wp\/v2\/users\/2"}],"replies":[{"embeddable":true,"href":"https:\/\/music-gift.eu\/pt-pt\/wp-json\/wp\/v2\/comments?post=3135"}],"version-history":[{"count":3,"href":"https:\/\/music-gift.eu\/pt-pt\/wp-json\/wp\/v2\/pages\/3135\/revisions"}],"predecessor-version":[{"id":14576,"href":"https:\/\/music-gift.eu\/pt-pt\/wp-json\/wp\/v2\/pages\/3135\/revisions\/14576"}],"wp:attachment":[{"href":"https:\/\/music-gift.eu\/pt-pt\/wp-json\/wp\/v2\/media?parent=3135"}],"curies":[{"name":"wp","href":"https:\/\/api.w.org\/{rel}","templated":true}]}}